{"id":9547,"date":"2022-02-07T11:42:19","date_gmt":"2022-02-07T15:42:19","guid":{"rendered":"https:\/\/immigrantquebec.com\/?page_id=9547"},"modified":"2022-02-15T17:52:04","modified_gmt":"2022-02-15T21:52:04","slug":"les-medias-parlent-de-nous","status":"publish","type":"page","link":"https:\/\/immigrantquebec.com\/fr\/les-medias-parlent-de-nous\/","title":{"rendered":"Les m\u00e9dias parlent de nous"},"content":{"rendered":"<p>&nbsp;<\/p>\n<div class=\"gca-column one-third first\"><img decoding=\"async\" src=\"https:\/\/immigrantquebec.com\/fr\/wp-content\/uploads\/2022\/02\/logo-courrier-laval.png\" alt=\"\" width=\"202\" height=\"49\" class=\"aligncenter wp-image-9822\" \/><\/div>\n<div class=\"gca-column two-thirds\"><strong><a class=\"text-tertiary font-weight-bold d-block\" target=\"_blank\" href=\"https:\/\/courrierlaval.com\/appel-a-projets-destines-a-la-main-doeuvre-etrangere\/\" rel=\"noopener\">Appel \u00e0 projets destin\u00e9s \u00e0 la main-d\u2019\u0153uvre \u00e9trang\u00e8re<\/a><\/strong><\/p>\n<p><em>Courrier Laval &#8211; 21 f\u00e9vrier 2021<\/em><\/p>\n<p>Le 17 f\u00e9vrier, Immigrant Qu\u00e9bec a annonc\u00e9 le lancement d\u2019un appel \u00e0 projets pour soutenir la main-d\u2019\u0153uvre \u00e9trang\u00e8re temporaire dans le contexte pand\u00e9mique.<\/p>\n<p style=\"text-align: right;\"><a href=\"https:\/\/courrierlaval.com\/appel-a-projets-destines-a-la-main-doeuvre-etrangere\/\" target=\"_blank\" rel=\"noopener\">Lire plus<\/a><\/div>\n<hr \/>\n<div class=\"gca-column one-third first\"><img decoding=\"async\" src=\"https:\/\/immigrantquebec.com\/fr\/wp-content\/uploads\/2022\/02\/logo-cision.png\" alt=\"\" width=\"211\" height=\"111\" class=\"aligncenter wp-image-9826 \" \/><\/div>\n<div class=\"gca-column two-thirds\"><strong><a class=\"text-tertiary font-weight-bold d-block\" target=\"_blank\" href=\"https:\/\/www.newswire.ca\/fr\/news-releases\/lancement-du-projet-gouvernemental-de-soutien-aux-travailleurs-etrangers-temporaires-touches-par-la-covid-19-870673901.html\" rel=\"noopener\">Lancement du projet gouvernemental de soutien aux travailleurs \u00e9trangers temporaires touch\u00e9s par la COVID-19<\/a><\/strong><\/p>\n<div class=\"italic text-grey\"><em>NewsWire &#8211; 18 f\u00e9vrier 2021<\/em><\/div>\n<div class=\"mt-2 pr-2\">Immigrant Qu\u00e9bec annonce le lancement d&rsquo;un appel \u00e0 projets pour soutenir les travailleurs \u00e9trangers temporaires (TET) touch\u00e9s par la COVID-19, gr\u00e2ce \u00e0 un financement du Gouvernement du Canada, par le biais du Programme des Travailleurs \u00e9trangers temporaires.<\/div>\n<p style=\"text-align: right;\"><a href=\"https:\/\/www.newswire.ca\/fr\/news-releases\/lancement-du-projet-gouvernemental-de-soutien-aux-travailleurs-etrangers-temporaires-touches-par-la-covid-19-870673901.html\" target=\"_blank\" rel=\"noopener\">Lire plus<\/a><\/div>\n<hr \/>\n<div class=\"gca-column one-third first\"><img decoding=\"async\" src=\"https:\/\/immigrantquebec.com\/fr\/wp-content\/uploads\/2022\/02\/logo-cision.png\" alt=\"\" width=\"211\" height=\"111\" class=\"aligncenter wp-image-9826 \" \/><\/div>\n<div class=\"gca-column two-thirds\"><strong><a class=\"text-tertiary font-weight-bold d-block\" target=\"_blank\" href=\"https:\/\/www.newswire.ca\/fr\/news-releases\/9e-edition-du-salon-de-l-immigration-et-de-l-integration-au-quebec-877818629.html\" rel=\"noopener\">9e \u00e9dition du Salon de l&rsquo;immigration et de l&rsquo;int\u00e9gration au Qu\u00e9bec<\/a><\/strong><\/p>\n<div class=\"italic text-grey\"><em>NewsWire &#8211; 11 novembre 2020<\/em><\/div>\n<div class=\"mt-2 pr-2\">La communaut\u00e9 politique, sociale et d&rsquo;affaires mobilis\u00e9e pour le plus grand \u00e9v\u00e9nement virtuel jamais organis\u00e9 au Qu\u00e9bec.<\/div>\n<p style=\"text-align: right;\"><a href=\"https:\/\/www.newswire.ca\/fr\/news-releases\/9e-edition-du-salon-de-l-immigration-et-de-l-integration-au-quebec-877818629.html\" target=\"_blank\" rel=\"noopener\">Lire plus<\/a><\/div>\n","protected":false},"excerpt":{"rendered":"<p>&nbsp;<\/p>\n","protected":false},"author":3459,"featured_media":0,"parent":0,"menu_order":0,"comment_status":"closed","ping_status":"closed","template":"","meta":{"_acf_changed":false,"_genesis_hide_title":false,"_genesis_hide_breadcrumbs":false,"_genesis_hide_singular_image":false,"_genesis_hide_footer_widgets":false,"_genesis_custom_body_class":"","_genesis_custom_post_class":"","_genesis_layout":"","footnotes":""},"class_list":{"0":"post-9547","1":"page","2":"type-page","3":"status-publish","5":"entry","6":"has-post-thumbnail"},"acf":[],"yoast_head":"<!-- This site is optimized with the Yoast SEO plugin v27.4 - https:\/\/yoast.com\/product\/yoast-seo-wordpress\/ -->\n<title>Les m\u00e9dias parlent de nous - Immigrant Qu\u00e9bec<\/title>\n<meta name=\"robots\" content=\"index, follow, max-snippet:-1, max-image-preview:large, max-video-preview:-1\" \/>\n<link rel=\"canonical\" href=\"https:\/\/immigrantquebec.com\/fr\/les-medias-parlent-de-nous\/\" \/>\n<meta property=\"og:locale\" content=\"fr_FR\" \/>\n<meta property=\"og:type\" content=\"article\" \/>\n<meta property=\"og:title\" content=\"Les m\u00e9dias parlent de nous - Immigrant Qu\u00e9bec\" \/>\n<meta property=\"og:description\" content=\"&nbsp;\" \/>\n<meta property=\"og:url\" content=\"https:\/\/immigrantquebec.com\/fr\/les-medias-parlent-de-nous\/\" \/>\n<meta property=\"og:site_name\" content=\"Immigrant Qu\u00e9bec\" \/>\n<meta property=\"article:publisher\" content=\"https:\/\/www.facebook.com\/immigrantquebec\" \/>\n<meta property=\"article:modified_time\" content=\"2022-02-15T21:52:04+00:00\" \/>\n<meta property=\"og:image\" content=\"https:\/\/immigrantquebec.com\/fr\/wp-content\/uploads\/2022\/02\/logo-courrier-laval.png\" \/>\n<meta name=\"twitter:label1\" content=\"Dur\u00e9e de lecture estim\u00e9e\" \/>\n\t<meta name=\"twitter:data1\" content=\"1 minute\" \/>\n<script type=\"application\/ld+json\" class=\"yoast-schema-graph\">{\"@context\":\"https:\\\/\\\/schema.org\",\"@graph\":[{\"@type\":\"WebPage\",\"@id\":\"https:\\\/\\\/immigrantquebec.com\\\/fr\\\/les-medias-parlent-de-nous\\\/\",\"url\":\"https:\\\/\\\/immigrantquebec.com\\\/fr\\\/les-medias-parlent-de-nous\\\/\",\"name\":\"Les m\u00e9dias parlent de nous - Immigrant Qu\u00e9bec\",\"isPartOf\":{\"@id\":\"https:\\\/\\\/immigrantquebec.com\\\/fr\\\/#website\"},\"primaryImageOfPage\":{\"@id\":\"https:\\\/\\\/immigrantquebec.com\\\/fr\\\/les-medias-parlent-de-nous\\\/#primaryimage\"},\"image\":{\"@id\":\"https:\\\/\\\/immigrantquebec.com\\\/fr\\\/les-medias-parlent-de-nous\\\/#primaryimage\"},\"thumbnailUrl\":\"https:\\\/\\\/immigrantquebec.com\\\/fr\\\/wp-content\\\/uploads\\\/2022\\\/02\\\/logo-courrier-laval.png\",\"datePublished\":\"2022-02-07T15:42:19+00:00\",\"dateModified\":\"2022-02-15T21:52:04+00:00\",\"breadcrumb\":{\"@id\":\"https:\\\/\\\/immigrantquebec.com\\\/fr\\\/les-medias-parlent-de-nous\\\/#breadcrumb\"},\"inLanguage\":\"fr-FR\",\"potentialAction\":[{\"@type\":\"ReadAction\",\"target\":[\"https:\\\/\\\/immigrantquebec.com\\\/fr\\\/les-medias-parlent-de-nous\\\/\"]}]},{\"@type\":\"ImageObject\",\"inLanguage\":\"fr-FR\",\"@id\":\"https:\\\/\\\/immigrantquebec.com\\\/fr\\\/les-medias-parlent-de-nous\\\/#primaryimage\",\"url\":\"https:\\\/\\\/immigrantquebec.com\\\/fr\\\/wp-content\\\/uploads\\\/2022\\\/02\\\/logo-courrier-laval.png\",\"contentUrl\":\"https:\\\/\\\/immigrantquebec.com\\\/fr\\\/wp-content\\\/uploads\\\/2022\\\/02\\\/logo-courrier-laval.png\",\"width\":240,\"height\":58},{\"@type\":\"BreadcrumbList\",\"@id\":\"https:\\\/\\\/immigrantquebec.com\\\/fr\\\/les-medias-parlent-de-nous\\\/#breadcrumb\",\"itemListElement\":[{\"@type\":\"ListItem\",\"position\":1,\"name\":\"Accueil\",\"item\":\"https:\\\/\\\/immigrantquebec.com\\\/fr\\\/\"},{\"@type\":\"ListItem\",\"position\":2,\"name\":\"Les m\u00e9dias parlent de nous\"}]},{\"@type\":\"WebSite\",\"@id\":\"https:\\\/\\\/immigrantquebec.com\\\/fr\\\/#website\",\"url\":\"https:\\\/\\\/immigrantquebec.com\\\/fr\\\/\",\"name\":\"Immigrant Qu\u00e9bec\",\"description\":\"Immigrer, vivre, travailler et \u00e9tudier au Qu\u00e9bec, Canada\",\"publisher\":{\"@id\":\"https:\\\/\\\/immigrantquebec.com\\\/fr\\\/#organization\"},\"potentialAction\":[{\"@type\":\"SearchAction\",\"target\":{\"@type\":\"EntryPoint\",\"urlTemplate\":\"https:\\\/\\\/immigrantquebec.com\\\/fr\\\/?s={search_term_string}\"},\"query-input\":{\"@type\":\"PropertyValueSpecification\",\"valueRequired\":true,\"valueName\":\"search_term_string\"}}],\"inLanguage\":\"fr-FR\"},{\"@type\":\"Organization\",\"@id\":\"https:\\\/\\\/immigrantquebec.com\\\/fr\\\/#organization\",\"name\":\"Immigrant Qu\u00e9bec\",\"url\":\"https:\\\/\\\/immigrantquebec.com\\\/fr\\\/\",\"logo\":{\"@type\":\"ImageObject\",\"inLanguage\":\"fr-FR\",\"@id\":\"https:\\\/\\\/immigrantquebec.com\\\/fr\\\/#\\\/schema\\\/logo\\\/image\\\/\",\"url\":\"https:\\\/\\\/immigrantquebec.com\\\/fr\\\/wp-content\\\/uploads\\\/2024\\\/03\\\/LogoIQ-2024-RVB.png\",\"contentUrl\":\"https:\\\/\\\/immigrantquebec.com\\\/fr\\\/wp-content\\\/uploads\\\/2024\\\/03\\\/LogoIQ-2024-RVB.png\",\"width\":2500,\"height\":1137,\"caption\":\"Immigrant Qu\u00e9bec\"},\"image\":{\"@id\":\"https:\\\/\\\/immigrantquebec.com\\\/fr\\\/#\\\/schema\\\/logo\\\/image\\\/\"},\"sameAs\":[\"https:\\\/\\\/www.facebook.com\\\/immigrantquebec\",\"https:\\\/\\\/x.com\\\/ImmigrantQuebec\",\"https:\\\/\\\/www.instagram.com\\\/immigrantquebec\",\"https:\\\/\\\/www.youtube.com\\\/user\\\/ImmigrantQc\"]}]}<\/script>\n<!-- \/ Yoast SEO plugin. -->","yoast_head_json":{"title":"Les m\u00e9dias parlent de nous - Immigrant Qu\u00e9bec","robots":{"index":"index","follow":"follow","max-snippet":"max-snippet:-1","max-image-preview":"max-image-preview:large","max-video-preview":"max-video-preview:-1"},"canonical":"https:\/\/immigrantquebec.com\/fr\/les-medias-parlent-de-nous\/","og_locale":"fr_FR","og_type":"article","og_title":"Les m\u00e9dias parlent de nous - Immigrant Qu\u00e9bec","og_description":"&nbsp;","og_url":"https:\/\/immigrantquebec.com\/fr\/les-medias-parlent-de-nous\/","og_site_name":"Immigrant Qu\u00e9bec","article_publisher":"https:\/\/www.facebook.com\/immigrantquebec","article_modified_time":"2022-02-15T21:52:04+00:00","og_image":[{"url":"https:\/\/immigrantquebec.com\/fr\/wp-content\/uploads\/2022\/02\/logo-courrier-laval.png","type":"","width":"","height":""}],"twitter_misc":{"Dur\u00e9e de lecture estim\u00e9e":"1 minute"},"schema":{"@context":"https:\/\/schema.org","@graph":[{"@type":"WebPage","@id":"https:\/\/immigrantquebec.com\/fr\/les-medias-parlent-de-nous\/","url":"https:\/\/immigrantquebec.com\/fr\/les-medias-parlent-de-nous\/","name":"Les m\u00e9dias parlent de nous - Immigrant Qu\u00e9bec","isPartOf":{"@id":"https:\/\/immigrantquebec.com\/fr\/#website"},"primaryImageOfPage":{"@id":"https:\/\/immigrantquebec.com\/fr\/les-medias-parlent-de-nous\/#primaryimage"},"image":{"@id":"https:\/\/immigrantquebec.com\/fr\/les-medias-parlent-de-nous\/#primaryimage"},"thumbnailUrl":"https:\/\/immigrantquebec.com\/fr\/wp-content\/uploads\/2022\/02\/logo-courrier-laval.png","datePublished":"2022-02-07T15:42:19+00:00","dateModified":"2022-02-15T21:52:04+00:00","breadcrumb":{"@id":"https:\/\/immigrantquebec.com\/fr\/les-medias-parlent-de-nous\/#breadcrumb"},"inLanguage":"fr-FR","potentialAction":[{"@type":"ReadAction","target":["https:\/\/immigrantquebec.com\/fr\/les-medias-parlent-de-nous\/"]}]},{"@type":"ImageObject","inLanguage":"fr-FR","@id":"https:\/\/immigrantquebec.com\/fr\/les-medias-parlent-de-nous\/#primaryimage","url":"https:\/\/immigrantquebec.com\/fr\/wp-content\/uploads\/2022\/02\/logo-courrier-laval.png","contentUrl":"https:\/\/immigrantquebec.com\/fr\/wp-content\/uploads\/2022\/02\/logo-courrier-laval.png","width":240,"height":58},{"@type":"BreadcrumbList","@id":"https:\/\/immigrantquebec.com\/fr\/les-medias-parlent-de-nous\/#breadcrumb","itemListElement":[{"@type":"ListItem","position":1,"name":"Accueil","item":"https:\/\/immigrantquebec.com\/fr\/"},{"@type":"ListItem","position":2,"name":"Les m\u00e9dias parlent de nous"}]},{"@type":"WebSite","@id":"https:\/\/immigrantquebec.com\/fr\/#website","url":"https:\/\/immigrantquebec.com\/fr\/","name":"Immigrant Qu\u00e9bec","description":"Immigrer, vivre, travailler et \u00e9tudier au Qu\u00e9bec, Canada","publisher":{"@id":"https:\/\/immigrantquebec.com\/fr\/#organization"},"potentialAction":[{"@type":"SearchAction","target":{"@type":"EntryPoint","urlTemplate":"https:\/\/immigrantquebec.com\/fr\/?s={search_term_string}"},"query-input":{"@type":"PropertyValueSpecification","valueRequired":true,"valueName":"search_term_string"}}],"inLanguage":"fr-FR"},{"@type":"Organization","@id":"https:\/\/immigrantquebec.com\/fr\/#organization","name":"Immigrant Qu\u00e9bec","url":"https:\/\/immigrantquebec.com\/fr\/","logo":{"@type":"ImageObject","inLanguage":"fr-FR","@id":"https:\/\/immigrantquebec.com\/fr\/#\/schema\/logo\/image\/","url":"https:\/\/immigrantquebec.com\/fr\/wp-content\/uploads\/2024\/03\/LogoIQ-2024-RVB.png","contentUrl":"https:\/\/immigrantquebec.com\/fr\/wp-content\/uploads\/2024\/03\/LogoIQ-2024-RVB.png","width":2500,"height":1137,"caption":"Immigrant Qu\u00e9bec"},"image":{"@id":"https:\/\/immigrantquebec.com\/fr\/#\/schema\/logo\/image\/"},"sameAs":["https:\/\/www.facebook.com\/immigrantquebec","https:\/\/x.com\/ImmigrantQuebec","https:\/\/www.instagram.com\/immigrantquebec","https:\/\/www.youtube.com\/user\/ImmigrantQc"]}]}},"_links":{"self":[{"href":"https:\/\/immigrantquebec.com\/fr\/wp-json\/wp\/v2\/pages\/9547","targetHints":{"allow":["GET"]}}],"collection":[{"href":"https:\/\/immigrantquebec.com\/fr\/wp-json\/wp\/v2\/pages"}],"about":[{"href":"https:\/\/immigrantquebec.com\/fr\/wp-json\/wp\/v2\/types\/page"}],"author":[{"embeddable":true,"href":"https:\/\/immigrantquebec.com\/fr\/wp-json\/wp\/v2\/users\/3459"}],"replies":[{"embeddable":true,"href":"https:\/\/immigrantquebec.com\/fr\/wp-json\/wp\/v2\/comments?post=9547"}],"version-history":[{"count":0,"href":"https:\/\/immigrantquebec.com\/fr\/wp-json\/wp\/v2\/pages\/9547\/revisions"}],"wp:attachment":[{"href":"https:\/\/immigrantquebec.com\/fr\/wp-json\/wp\/v2\/media?parent=9547"}],"curies":[{"name":"wp","href":"https:\/\/api.w.org\/{rel}","templated":true}]}}