{"id":9558,"date":"2022-02-07T13:10:06","date_gmt":"2022-02-07T17:10:06","guid":{"rendered":"https:\/\/immigrantquebec.com\/?page_id=9558"},"modified":"2025-12-12T14:22:44","modified_gmt":"2025-12-12T19:22:44","slug":"guides","status":"publish","type":"page","link":"https:\/\/immigrantquebec.com\/fr\/guides\/","title":{"rendered":"Guides"},"content":{"rendered":"\t\t<div data-elementor-type=\"wp-page\" data-elementor-id=\"9558\" class=\"elementor elementor-9558\" data-elementor-post-type=\"page\">\n\t\t\t\t\t\t<section class=\"elementor-section elementor-top-section elementor-element elementor-element-7622faba elementor-section-boxed elementor-section-height-default elementor-section-height-default\" data-id=\"7622faba\" data-element_type=\"section\" data-e-type=\"section\">\n\t\t\t\t\t\t<div class=\"elementor-container elementor-column-gap-default\">\n\t\t\t\t\t<div class=\"elementor-column elementor-col-100 elementor-top-column elementor-element elementor-element-b42050f\" data-id=\"b42050f\" data-element_type=\"column\" data-e-type=\"column\">\n\t\t\t<div class=\"elementor-widget-wrap elementor-element-populated\">\n\t\t\t\t\t\t<div class=\"elementor-element elementor-element-beeb870 elementor-widget elementor-widget-text-editor\" data-id=\"beeb870\" data-element_type=\"widget\" data-e-type=\"widget\" data-widget_type=\"text-editor.default\">\n\t\t\t\t\t\t\t\t\t<p>Voici notre collection de guides pratiques pour vous accompagner dans votre immigration et votre nouvelle vie au Qu\u00e9bec. Cliquez sur le guide de votre choix pour en savoir plus sur son contenu et pour demander le t\u00e9l\u00e9chargement gratuit.<\/p><p>Bonne lecture !<\/p>\t\t\t\t\t\t\t\t<\/div>\n\t\t\t\t<section class=\"elementor-section elementor-inner-section elementor-element elementor-element-919323d elementor-section-boxed elementor-section-height-default elementor-section-height-default\" data-id=\"919323d\" data-element_type=\"section\" data-e-type=\"section\">\n\t\t\t\t\t\t<div class=\"elementor-container elementor-column-gap-default\">\n\t\t\t\t\t<div class=\"elementor-column elementor-col-33 elementor-inner-column elementor-element elementor-element-1ae75dd\" data-id=\"1ae75dd\" data-element_type=\"column\" data-e-type=\"column\">\n\t\t\t<div class=\"elementor-widget-wrap elementor-element-populated\">\n\t\t\t\t\t\t<div class=\"elementor-element elementor-element-c22a180 elementor-widget elementor-widget-image\" data-id=\"c22a180\" data-element_type=\"widget\" data-e-type=\"widget\" data-widget_type=\"image.default\">\n\t\t\t\t\t\t\t\t\t\t\t\t\t\t\t\t<a href=\"https:\/\/immigrantquebec.com\/fr\/guides\/guide-cnesst\/\">\n\t\t\t\t\t\t\t<img fetchpriority=\"high\" decoding=\"async\" width=\"1080\" height=\"1625\" src=\"https:\/\/immigrantquebec.com\/fr\/wp-content\/uploads\/2025\/12\/Couv-Guide-CNESST-min.png\" class=\"attachment-full size-full wp-image-23800\" alt=\"\" srcset=\"https:\/\/immigrantquebec.com\/fr\/wp-content\/uploads\/2025\/12\/Couv-Guide-CNESST-min.png 1080w, https:\/\/immigrantquebec.com\/fr\/wp-content\/uploads\/2025\/12\/Couv-Guide-CNESST-min-133x200.png 133w, https:\/\/immigrantquebec.com\/fr\/wp-content\/uploads\/2025\/12\/Couv-Guide-CNESST-min-681x1024.png 681w, https:\/\/immigrantquebec.com\/fr\/wp-content\/uploads\/2025\/12\/Couv-Guide-CNESST-min-768x1156.png 768w, https:\/\/immigrantquebec.com\/fr\/wp-content\/uploads\/2025\/12\/Couv-Guide-CNESST-min-1021x1536.png 1021w\" sizes=\"(max-width: 1080px) 100vw, 1080px\" \/>\t\t\t\t\t\t\t\t<\/a>\n\t\t\t\t\t\t\t\t\t\t\t\t\t\t\t<\/div>\n\t\t\t\t\t<\/div>\n\t\t<\/div>\n\t\t\t\t<div class=\"elementor-column elementor-col-33 elementor-inner-column elementor-element elementor-element-eb21af2\" data-id=\"eb21af2\" data-element_type=\"column\" data-e-type=\"column\">\n\t\t\t<div class=\"elementor-widget-wrap elementor-element-populated\">\n\t\t\t\t\t\t<div class=\"elementor-element elementor-element-9f56ef5 elementor-widget elementor-widget-image\" data-id=\"9f56ef5\" data-element_type=\"widget\" data-e-type=\"widget\" data-widget_type=\"image.default\">\n\t\t\t\t\t\t\t\t\t\t\t\t\t\t\t\t<a href=\"https:\/\/immigrantquebec.com\/fr\/guides\/immigrer-au-quebec\/\">\n\t\t\t\t\t\t\t<img decoding=\"async\" width=\"1240\" height=\"1948\" src=\"https:\/\/immigrantquebec.com\/fr\/wp-content\/uploads\/2025\/05\/GUIDE_IMMIGRER_25_26_couv.jpg\" class=\"attachment-full size-full wp-image-18299\" alt=\"\" srcset=\"https:\/\/immigrantquebec.com\/fr\/wp-content\/uploads\/2025\/05\/GUIDE_IMMIGRER_25_26_couv.jpg 1240w, https:\/\/immigrantquebec.com\/fr\/wp-content\/uploads\/2025\/05\/GUIDE_IMMIGRER_25_26_couv-127x200.jpg 127w, https:\/\/immigrantquebec.com\/fr\/wp-content\/uploads\/2025\/05\/GUIDE_IMMIGRER_25_26_couv-652x1024.jpg 652w, https:\/\/immigrantquebec.com\/fr\/wp-content\/uploads\/2025\/05\/GUIDE_IMMIGRER_25_26_couv-768x1207.jpg 768w, https:\/\/immigrantquebec.com\/fr\/wp-content\/uploads\/2025\/05\/GUIDE_IMMIGRER_25_26_couv-978x1536.jpg 978w\" sizes=\"(max-width: 1240px) 100vw, 1240px\" \/>\t\t\t\t\t\t\t\t<\/a>\n\t\t\t\t\t\t\t\t\t\t\t\t\t\t\t<\/div>\n\t\t\t\t\t<\/div>\n\t\t<\/div>\n\t\t\t\t<div class=\"elementor-column elementor-col-33 elementor-inner-column elementor-element elementor-element-76a6898\" data-id=\"76a6898\" data-element_type=\"column\" data-e-type=\"column\">\n\t\t\t<div class=\"elementor-widget-wrap elementor-element-populated\">\n\t\t\t\t\t\t<div class=\"elementor-element elementor-element-4cd9818 elementor-widget elementor-widget-image\" data-id=\"4cd9818\" data-element_type=\"widget\" data-e-type=\"widget\" data-widget_type=\"image.default\">\n\t\t\t\t\t\t\t\t\t\t\t\t\t\t\t\t<a href=\"https:\/\/immigrantquebec.com\/fr\/guides\/etudier-au-quebec\/\">\n\t\t\t\t\t\t\t<img decoding=\"async\" width=\"652\" height=\"1024\" src=\"https:\/\/immigrantquebec.com\/fr\/wp-content\/uploads\/2025\/10\/GUIDE-ETUDIER-2025-26-couv-652x1024.jpg\" class=\"attachment-large size-large wp-image-22224\" alt=\"\" srcset=\"https:\/\/immigrantquebec.com\/fr\/wp-content\/uploads\/2025\/10\/GUIDE-ETUDIER-2025-26-couv-652x1024.jpg 652w, https:\/\/immigrantquebec.com\/fr\/wp-content\/uploads\/2025\/10\/GUIDE-ETUDIER-2025-26-couv-127x200.jpg 127w, https:\/\/immigrantquebec.com\/fr\/wp-content\/uploads\/2025\/10\/GUIDE-ETUDIER-2025-26-couv-768x1206.jpg 768w, https:\/\/immigrantquebec.com\/fr\/wp-content\/uploads\/2025\/10\/GUIDE-ETUDIER-2025-26-couv.jpg 955w\" sizes=\"(max-width: 652px) 100vw, 652px\" \/>\t\t\t\t\t\t\t\t<\/a>\n\t\t\t\t\t\t\t\t\t\t\t\t\t\t\t<\/div>\n\t\t\t\t\t<\/div>\n\t\t<\/div>\n\t\t\t\t\t<\/div>\n\t\t<\/section>\n\t\t\t\t<section class=\"elementor-section elementor-inner-section elementor-element elementor-element-637704c elementor-section-boxed elementor-section-height-default elementor-section-height-default\" data-id=\"637704c\" data-element_type=\"section\" data-e-type=\"section\">\n\t\t\t\t\t\t<div class=\"elementor-container elementor-column-gap-default\">\n\t\t\t\t\t<div class=\"elementor-column elementor-col-33 elementor-inner-column elementor-element elementor-element-429215a\" data-id=\"429215a\" data-element_type=\"column\" data-e-type=\"column\">\n\t\t\t<div class=\"elementor-widget-wrap elementor-element-populated\">\n\t\t\t\t\t\t<div class=\"elementor-element elementor-element-9314fdd elementor-widget elementor-widget-image\" data-id=\"9314fdd\" data-element_type=\"widget\" data-e-type=\"widget\" data-widget_type=\"image.default\">\n\t\t\t\t\t\t\t\t\t\t\t\t\t\t\t\t<a href=\"https:\/\/immigrantquebec.com\/fr\/guides\/vivre-a-montreal\/\">\n\t\t\t\t\t\t\t<img loading=\"lazy\" decoding=\"async\" width=\"600\" height=\"943\" src=\"https:\/\/immigrantquebec.com\/fr\/wp-content\/uploads\/2023\/02\/Vivre-MTL-2021-Couv.jpg\" class=\"attachment-large size-large wp-image-13728\" alt=\"\" srcset=\"https:\/\/immigrantquebec.com\/fr\/wp-content\/uploads\/2023\/02\/Vivre-MTL-2021-Couv.jpg 600w, https:\/\/immigrantquebec.com\/fr\/wp-content\/uploads\/2023\/02\/Vivre-MTL-2021-Couv-127x200.jpg 127w\" sizes=\"(max-width: 600px) 100vw, 600px\" \/>\t\t\t\t\t\t\t\t<\/a>\n\t\t\t\t\t\t\t\t\t\t\t\t\t\t\t<\/div>\n\t\t\t\t\t<\/div>\n\t\t<\/div>\n\t\t\t\t<div class=\"elementor-column elementor-col-33 elementor-inner-column elementor-element elementor-element-30068ae\" data-id=\"30068ae\" data-element_type=\"column\" data-e-type=\"column\">\n\t\t\t<div class=\"elementor-widget-wrap elementor-element-populated\">\n\t\t\t\t\t\t<div class=\"elementor-element elementor-element-b954691 elementor-widget elementor-widget-image\" data-id=\"b954691\" data-element_type=\"widget\" data-e-type=\"widget\" data-widget_type=\"image.default\">\n\t\t\t\t\t\t\t\t\t\t\t\t\t\t\t\t<a href=\"https:\/\/immigrantquebec.com\/fr\/guides\/entreprendre-au-quebec\/\">\n\t\t\t\t\t\t\t<img loading=\"lazy\" decoding=\"async\" width=\"326\" height=\"512\" src=\"https:\/\/immigrantquebec.com\/fr\/wp-content\/uploads\/2021\/08\/entreprendre-au-quebec.jpg\" class=\"attachment-large size-large wp-image-3969\" alt=\"Entreprendre au Qu\u00e9bec\" srcset=\"https:\/\/immigrantquebec.com\/fr\/wp-content\/uploads\/2021\/08\/entreprendre-au-quebec.jpg 326w, https:\/\/immigrantquebec.com\/fr\/wp-content\/uploads\/2021\/08\/entreprendre-au-quebec-127x200.jpg 127w\" sizes=\"(max-width: 326px) 100vw, 326px\" \/>\t\t\t\t\t\t\t\t<\/a>\n\t\t\t\t\t\t\t\t\t\t\t\t\t\t\t<\/div>\n\t\t\t\t\t<\/div>\n\t\t<\/div>\n\t\t\t\t<div class=\"elementor-column elementor-col-33 elementor-inner-column elementor-element elementor-element-4ae9738\" data-id=\"4ae9738\" data-element_type=\"column\" data-e-type=\"column\">\n\t\t\t<div class=\"elementor-widget-wrap elementor-element-populated\">\n\t\t\t\t\t\t<div class=\"elementor-element elementor-element-0448764 elementor-widget elementor-widget-image\" data-id=\"0448764\" data-element_type=\"widget\" data-e-type=\"widget\" data-widget_type=\"image.default\">\n\t\t\t\t\t\t\t\t\t\t\t\t\t\t\t\t<a href=\"https:\/\/immigrantquebec.com\/fr\/guides\/travailler-au-quebec\/\">\n\t\t\t\t\t\t\t<img loading=\"lazy\" decoding=\"async\" width=\"326\" height=\"512\" src=\"https:\/\/immigrantquebec.com\/fr\/wp-content\/uploads\/2021\/08\/travailler-au-quebec.jpg\" class=\"attachment-large size-large wp-image-3972\" alt=\"\" srcset=\"https:\/\/immigrantquebec.com\/fr\/wp-content\/uploads\/2021\/08\/travailler-au-quebec.jpg 326w, https:\/\/immigrantquebec.com\/fr\/wp-content\/uploads\/2021\/08\/travailler-au-quebec-127x200.jpg 127w\" sizes=\"(max-width: 326px) 100vw, 326px\" \/>\t\t\t\t\t\t\t\t<\/a>\n\t\t\t\t\t\t\t\t\t\t\t\t\t\t\t<\/div>\n\t\t\t\t\t<\/div>\n\t\t<\/div>\n\t\t\t\t\t<\/div>\n\t\t<\/section>\n\t\t\t\t<section class=\"elementor-section elementor-inner-section elementor-element elementor-element-faf42eb elementor-section-boxed elementor-section-height-default elementor-section-height-default\" data-id=\"faf42eb\" data-element_type=\"section\" data-e-type=\"section\">\n\t\t\t\t\t\t<div class=\"elementor-container elementor-column-gap-default\">\n\t\t\t\t\t<div class=\"elementor-column elementor-col-25 elementor-inner-column elementor-element elementor-element-e99f613\" data-id=\"e99f613\" data-element_type=\"column\" data-e-type=\"column\">\n\t\t\t<div class=\"elementor-widget-wrap elementor-element-populated\">\n\t\t\t\t\t\t<div class=\"elementor-element elementor-element-fa6a421 elementor-widget elementor-widget-image\" data-id=\"fa6a421\" data-element_type=\"widget\" data-e-type=\"widget\" data-widget_type=\"image.default\">\n\t\t\t\t\t\t\t\t\t\t\t\t\t\t\t\t<a href=\"https:\/\/immigrantquebec.com\/fr\/guides\/vivre-a-quebec\/\">\n\t\t\t\t\t\t\t<img loading=\"lazy\" decoding=\"async\" width=\"651\" height=\"1024\" src=\"https:\/\/immigrantquebec.com\/fr\/wp-content\/uploads\/2022\/02\/GUIDE-QUE\u0301BEC-FR-2020-Couv-651x1024.jpg\" class=\"attachment-large size-large wp-image-9599\" alt=\"\" srcset=\"https:\/\/immigrantquebec.com\/fr\/wp-content\/uploads\/2022\/02\/GUIDE-QUE\u0301BEC-FR-2020-Couv-651x1024.jpg 651w, https:\/\/immigrantquebec.com\/fr\/wp-content\/uploads\/2022\/02\/GUIDE-QUE\u0301BEC-FR-2020-Couv-127x200.jpg 127w, https:\/\/immigrantquebec.com\/fr\/wp-content\/uploads\/2022\/02\/GUIDE-QUE\u0301BEC-FR-2020-Couv-768x1207.jpg 768w, https:\/\/immigrantquebec.com\/fr\/wp-content\/uploads\/2022\/02\/GUIDE-QUE\u0301BEC-FR-2020-Couv-977x1536.jpg 977w, https:\/\/immigrantquebec.com\/fr\/wp-content\/uploads\/2022\/02\/GUIDE-QUE\u0301BEC-FR-2020-Couv.jpg 1240w\" sizes=\"(max-width: 651px) 100vw, 651px\" \/>\t\t\t\t\t\t\t\t<\/a>\n\t\t\t\t\t\t\t\t\t\t\t\t\t\t\t<\/div>\n\t\t\t\t\t<\/div>\n\t\t<\/div>\n\t\t\t\t<div class=\"elementor-column elementor-col-25 elementor-inner-column elementor-element elementor-element-4a9ce0c\" data-id=\"4a9ce0c\" data-element_type=\"column\" data-e-type=\"column\">\n\t\t\t<div class=\"elementor-widget-wrap elementor-element-populated\">\n\t\t\t\t\t\t<div class=\"elementor-element elementor-element-99a95df elementor-widget elementor-widget-image\" data-id=\"99a95df\" data-element_type=\"widget\" data-e-type=\"widget\" data-widget_type=\"image.default\">\n\t\t\t\t\t\t\t\t\t\t\t\t\t\t\t\t<a href=\"https:\/\/immigrantquebec.com\/fr\/guides\/living-in-quebec-city\/\">\n\t\t\t\t\t\t\t<img loading=\"lazy\" decoding=\"async\" width=\"652\" height=\"1024\" src=\"https:\/\/immigrantquebec.com\/fr\/wp-content\/uploads\/2022\/02\/GUIDE-QUE\u0301BEC-ENG-2020-couv.jpg\" class=\"attachment-large size-large wp-image-9600\" alt=\"\" \/>\t\t\t\t\t\t\t\t<\/a>\n\t\t\t\t\t\t\t\t\t\t\t\t\t\t\t<\/div>\n\t\t\t\t\t<\/div>\n\t\t<\/div>\n\t\t\t\t<div class=\"elementor-column elementor-col-25 elementor-inner-column elementor-element elementor-element-f1ebb91\" data-id=\"f1ebb91\" data-element_type=\"column\" data-e-type=\"column\">\n\t\t\t<div class=\"elementor-widget-wrap elementor-element-populated\">\n\t\t\t\t\t\t<div class=\"elementor-element elementor-element-91495f0 elementor-widget elementor-widget-image\" data-id=\"91495f0\" data-element_type=\"widget\" data-e-type=\"widget\" data-widget_type=\"image.default\">\n\t\t\t\t\t\t\t\t\t\t\t\t\t\t\t\t<a href=\"https:\/\/immigrantquebec.com\/fr\/guides\/vivir-en-quebec-y-sus-alrededores\/\">\n\t\t\t\t\t\t\t<img loading=\"lazy\" decoding=\"async\" width=\"652\" height=\"1024\" src=\"https:\/\/immigrantquebec.com\/fr\/wp-content\/uploads\/2022\/02\/Vivir-Esp-couv-652x1024.jpg\" class=\"attachment-large size-large wp-image-9596\" alt=\"\" srcset=\"https:\/\/immigrantquebec.com\/fr\/wp-content\/uploads\/2022\/02\/Vivir-Esp-couv-652x1024.jpg 652w, https:\/\/immigrantquebec.com\/fr\/wp-content\/uploads\/2022\/02\/Vivir-Esp-couv-127x200.jpg 127w, https:\/\/immigrantquebec.com\/fr\/wp-content\/uploads\/2022\/02\/Vivir-Esp-couv-768x1207.jpg 768w, https:\/\/immigrantquebec.com\/fr\/wp-content\/uploads\/2022\/02\/Vivir-Esp-couv-978x1536.jpg 978w, https:\/\/immigrantquebec.com\/fr\/wp-content\/uploads\/2022\/02\/Vivir-Esp-couv.jpg 1240w\" sizes=\"(max-width: 652px) 100vw, 652px\" \/>\t\t\t\t\t\t\t\t<\/a>\n\t\t\t\t\t\t\t\t\t\t\t\t\t\t\t<\/div>\n\t\t\t\t\t<\/div>\n\t\t<\/div>\n\t\t\t\t<div class=\"elementor-column elementor-col-25 elementor-inner-column elementor-element elementor-element-5b48326\" data-id=\"5b48326\" data-element_type=\"column\" data-e-type=\"column\">\n\t\t\t<div class=\"elementor-widget-wrap elementor-element-populated\">\n\t\t\t\t\t\t<div class=\"elementor-element elementor-element-537e5d2 elementor-widget elementor-widget-image\" data-id=\"537e5d2\" data-element_type=\"widget\" data-e-type=\"widget\" data-widget_type=\"image.default\">\n\t\t\t\t\t\t\t\t\t\t\t\t\t\t\t\t<a href=\"https:\/\/immigrantquebec.com\/fr\/guides\/viver-na-cidade-de-quebec\/\">\n\t\t\t\t\t\t\t<img loading=\"lazy\" decoding=\"async\" width=\"652\" height=\"1024\" src=\"https:\/\/immigrantquebec.com\/fr\/wp-content\/uploads\/2022\/02\/GUIDE-QUE\u0301BEC-PORT-2020-couv-652x1024.jpg\" class=\"attachment-large size-large wp-image-9597\" alt=\"\" srcset=\"https:\/\/immigrantquebec.com\/fr\/wp-content\/uploads\/2022\/02\/GUIDE-QUE\u0301BEC-PORT-2020-couv-652x1024.jpg 652w, https:\/\/immigrantquebec.com\/fr\/wp-content\/uploads\/2022\/02\/GUIDE-QUE\u0301BEC-PORT-2020-couv-127x200.jpg 127w, https:\/\/immigrantquebec.com\/fr\/wp-content\/uploads\/2022\/02\/GUIDE-QUE\u0301BEC-PORT-2020-couv-768x1207.jpg 768w, https:\/\/immigrantquebec.com\/fr\/wp-content\/uploads\/2022\/02\/GUIDE-QUE\u0301BEC-PORT-2020-couv-978x1536.jpg 978w, https:\/\/immigrantquebec.com\/fr\/wp-content\/uploads\/2022\/02\/GUIDE-QUE\u0301BEC-PORT-2020-couv.jpg 1240w\" sizes=\"(max-width: 652px) 100vw, 652px\" \/>\t\t\t\t\t\t\t\t<\/a>\n\t\t\t\t\t\t\t\t\t\t\t\t\t\t\t<\/div>\n\t\t\t\t\t<\/div>\n\t\t<\/div>\n\t\t\t\t\t<\/div>\n\t\t<\/section>\n\t\t\t\t\t<\/div>\n\t\t<\/div>\n\t\t\t\t\t<\/div>\n\t\t<\/section>\n\t\t\t\t<\/div>\n\t\t","protected":false},"excerpt":{"rendered":"<p>Voici notre collection de guides pratiques pour vous accompagner dans votre immigration et votre nouvelle vie au Qu\u00e9bec. Cliquez sur le guide de votre choix pour en savoir plus sur son contenu et pour demander le t\u00e9l\u00e9chargement gratuit. Bonne lecture !<\/p>\n","protected":false},"author":3459,"featured_media":12560,"parent":0,"menu_order":0,"comment_status":"closed","ping_status":"closed","template":"","meta":{"_acf_changed":false,"_genesis_hide_title":false,"_genesis_hide_breadcrumbs":false,"_genesis_hide_singular_image":false,"_genesis_hide_footer_widgets":false,"_genesis_custom_body_class":"","_genesis_custom_post_class":"","_genesis_layout":"","footnotes":""},"class_list":{"0":"post-9558","1":"page","2":"type-page","3":"status-publish","4":"has-post-thumbnail","6":"entry"},"acf":[],"yoast_head":"<!-- This site is optimized with the Yoast SEO plugin v27.4 - https:\/\/yoast.com\/product\/yoast-seo-wordpress\/ -->\n<title>Guides - Immigrant Qu\u00e9bec<\/title>\n<meta name=\"robots\" content=\"index, follow, max-snippet:-1, max-image-preview:large, max-video-preview:-1\" \/>\n<link rel=\"canonical\" href=\"https:\/\/immigrantquebec.com\/fr\/guides\/\" \/>\n<meta property=\"og:locale\" content=\"fr_FR\" \/>\n<meta property=\"og:type\" content=\"article\" \/>\n<meta property=\"og:title\" content=\"Guides - Immigrant Qu\u00e9bec\" \/>\n<meta property=\"og:description\" content=\"Voici notre collection de guides pratiques pour vous accompagner dans votre immigration et votre nouvelle vie au Qu\u00e9bec. Cliquez sur le guide de votre choix pour en savoir plus sur son contenu et pour demander le t\u00e9l\u00e9chargement gratuit. Bonne lecture !\" \/>\n<meta property=\"og:url\" content=\"https:\/\/immigrantquebec.com\/fr\/guides\/\" \/>\n<meta property=\"og:site_name\" content=\"Immigrant Qu\u00e9bec\" \/>\n<meta property=\"article:publisher\" content=\"https:\/\/www.facebook.com\/immigrantquebec\" \/>\n<meta property=\"article:modified_time\" content=\"2025-12-12T19:22:44+00:00\" \/>\n<meta property=\"og:image\" content=\"https:\/\/immigrantquebec.com\/fr\/wp-content\/uploads\/2022\/04\/Cover-guide-promo-etudier-22-23-1.png\" \/>\n\t<meta property=\"og:image:width\" content=\"1918\" \/>\n\t<meta property=\"og:image:height\" content=\"837\" \/>\n\t<meta property=\"og:image:type\" content=\"image\/png\" \/>\n<meta name=\"twitter:label1\" content=\"Dur\u00e9e de lecture estim\u00e9e\" \/>\n\t<meta name=\"twitter:data1\" content=\"3 minutes\" \/>\n<script type=\"application\/ld+json\" class=\"yoast-schema-graph\">{\"@context\":\"https:\\\/\\\/schema.org\",\"@graph\":[{\"@type\":\"WebPage\",\"@id\":\"https:\\\/\\\/immigrantquebec.com\\\/fr\\\/guides\\\/\",\"url\":\"https:\\\/\\\/immigrantquebec.com\\\/fr\\\/guides\\\/\",\"name\":\"Guides - Immigrant Qu\u00e9bec\",\"isPartOf\":{\"@id\":\"https:\\\/\\\/immigrantquebec.com\\\/fr\\\/#website\"},\"primaryImageOfPage\":{\"@id\":\"https:\\\/\\\/immigrantquebec.com\\\/fr\\\/guides\\\/#primaryimage\"},\"image\":{\"@id\":\"https:\\\/\\\/immigrantquebec.com\\\/fr\\\/guides\\\/#primaryimage\"},\"thumbnailUrl\":\"https:\\\/\\\/immigrantquebec.com\\\/fr\\\/wp-content\\\/uploads\\\/2022\\\/04\\\/Cover-guide-promo-etudier-22-23-1.png\",\"datePublished\":\"2022-02-07T17:10:06+00:00\",\"dateModified\":\"2025-12-12T19:22:44+00:00\",\"breadcrumb\":{\"@id\":\"https:\\\/\\\/immigrantquebec.com\\\/fr\\\/guides\\\/#breadcrumb\"},\"inLanguage\":\"fr-FR\",\"potentialAction\":[{\"@type\":\"ReadAction\",\"target\":[\"https:\\\/\\\/immigrantquebec.com\\\/fr\\\/guides\\\/\"]}]},{\"@type\":\"ImageObject\",\"inLanguage\":\"fr-FR\",\"@id\":\"https:\\\/\\\/immigrantquebec.com\\\/fr\\\/guides\\\/#primaryimage\",\"url\":\"https:\\\/\\\/immigrantquebec.com\\\/fr\\\/wp-content\\\/uploads\\\/2022\\\/04\\\/Cover-guide-promo-etudier-22-23-1.png\",\"contentUrl\":\"https:\\\/\\\/immigrantquebec.com\\\/fr\\\/wp-content\\\/uploads\\\/2022\\\/04\\\/Cover-guide-promo-etudier-22-23-1.png\",\"width\":1918,\"height\":837},{\"@type\":\"BreadcrumbList\",\"@id\":\"https:\\\/\\\/immigrantquebec.com\\\/fr\\\/guides\\\/#breadcrumb\",\"itemListElement\":[{\"@type\":\"ListItem\",\"position\":1,\"name\":\"Accueil\",\"item\":\"https:\\\/\\\/immigrantquebec.com\\\/fr\\\/\"},{\"@type\":\"ListItem\",\"position\":2,\"name\":\"Guides\"}]},{\"@type\":\"WebSite\",\"@id\":\"https:\\\/\\\/immigrantquebec.com\\\/fr\\\/#website\",\"url\":\"https:\\\/\\\/immigrantquebec.com\\\/fr\\\/\",\"name\":\"Immigrant Qu\u00e9bec\",\"description\":\"Immigrer, vivre, travailler et \u00e9tudier au Qu\u00e9bec, Canada\",\"publisher\":{\"@id\":\"https:\\\/\\\/immigrantquebec.com\\\/fr\\\/#organization\"},\"potentialAction\":[{\"@type\":\"SearchAction\",\"target\":{\"@type\":\"EntryPoint\",\"urlTemplate\":\"https:\\\/\\\/immigrantquebec.com\\\/fr\\\/?s={search_term_string}\"},\"query-input\":{\"@type\":\"PropertyValueSpecification\",\"valueRequired\":true,\"valueName\":\"search_term_string\"}}],\"inLanguage\":\"fr-FR\"},{\"@type\":\"Organization\",\"@id\":\"https:\\\/\\\/immigrantquebec.com\\\/fr\\\/#organization\",\"name\":\"Immigrant Qu\u00e9bec\",\"url\":\"https:\\\/\\\/immigrantquebec.com\\\/fr\\\/\",\"logo\":{\"@type\":\"ImageObject\",\"inLanguage\":\"fr-FR\",\"@id\":\"https:\\\/\\\/immigrantquebec.com\\\/fr\\\/#\\\/schema\\\/logo\\\/image\\\/\",\"url\":\"https:\\\/\\\/immigrantquebec.com\\\/fr\\\/wp-content\\\/uploads\\\/2024\\\/03\\\/LogoIQ-2024-RVB.png\",\"contentUrl\":\"https:\\\/\\\/immigrantquebec.com\\\/fr\\\/wp-content\\\/uploads\\\/2024\\\/03\\\/LogoIQ-2024-RVB.png\",\"width\":2500,\"height\":1137,\"caption\":\"Immigrant Qu\u00e9bec\"},\"image\":{\"@id\":\"https:\\\/\\\/immigrantquebec.com\\\/fr\\\/#\\\/schema\\\/logo\\\/image\\\/\"},\"sameAs\":[\"https:\\\/\\\/www.facebook.com\\\/immigrantquebec\",\"https:\\\/\\\/x.com\\\/ImmigrantQuebec\",\"https:\\\/\\\/www.instagram.com\\\/immigrantquebec\",\"https:\\\/\\\/www.youtube.com\\\/user\\\/ImmigrantQc\"]}]}<\/script>\n<!-- \/ Yoast SEO plugin. -->","yoast_head_json":{"title":"Guides - Immigrant Qu\u00e9bec","robots":{"index":"index","follow":"follow","max-snippet":"max-snippet:-1","max-image-preview":"max-image-preview:large","max-video-preview":"max-video-preview:-1"},"canonical":"https:\/\/immigrantquebec.com\/fr\/guides\/","og_locale":"fr_FR","og_type":"article","og_title":"Guides - Immigrant Qu\u00e9bec","og_description":"Voici notre collection de guides pratiques pour vous accompagner dans votre immigration et votre nouvelle vie au Qu\u00e9bec. Cliquez sur le guide de votre choix pour en savoir plus sur son contenu et pour demander le t\u00e9l\u00e9chargement gratuit. Bonne lecture !","og_url":"https:\/\/immigrantquebec.com\/fr\/guides\/","og_site_name":"Immigrant Qu\u00e9bec","article_publisher":"https:\/\/www.facebook.com\/immigrantquebec","article_modified_time":"2025-12-12T19:22:44+00:00","og_image":[{"width":1918,"height":837,"url":"https:\/\/immigrantquebec.com\/fr\/wp-content\/uploads\/2022\/04\/Cover-guide-promo-etudier-22-23-1.png","type":"image\/png"}],"twitter_misc":{"Dur\u00e9e de lecture estim\u00e9e":"3 minutes"},"schema":{"@context":"https:\/\/schema.org","@graph":[{"@type":"WebPage","@id":"https:\/\/immigrantquebec.com\/fr\/guides\/","url":"https:\/\/immigrantquebec.com\/fr\/guides\/","name":"Guides - Immigrant Qu\u00e9bec","isPartOf":{"@id":"https:\/\/immigrantquebec.com\/fr\/#website"},"primaryImageOfPage":{"@id":"https:\/\/immigrantquebec.com\/fr\/guides\/#primaryimage"},"image":{"@id":"https:\/\/immigrantquebec.com\/fr\/guides\/#primaryimage"},"thumbnailUrl":"https:\/\/immigrantquebec.com\/fr\/wp-content\/uploads\/2022\/04\/Cover-guide-promo-etudier-22-23-1.png","datePublished":"2022-02-07T17:10:06+00:00","dateModified":"2025-12-12T19:22:44+00:00","breadcrumb":{"@id":"https:\/\/immigrantquebec.com\/fr\/guides\/#breadcrumb"},"inLanguage":"fr-FR","potentialAction":[{"@type":"ReadAction","target":["https:\/\/immigrantquebec.com\/fr\/guides\/"]}]},{"@type":"ImageObject","inLanguage":"fr-FR","@id":"https:\/\/immigrantquebec.com\/fr\/guides\/#primaryimage","url":"https:\/\/immigrantquebec.com\/fr\/wp-content\/uploads\/2022\/04\/Cover-guide-promo-etudier-22-23-1.png","contentUrl":"https:\/\/immigrantquebec.com\/fr\/wp-content\/uploads\/2022\/04\/Cover-guide-promo-etudier-22-23-1.png","width":1918,"height":837},{"@type":"BreadcrumbList","@id":"https:\/\/immigrantquebec.com\/fr\/guides\/#breadcrumb","itemListElement":[{"@type":"ListItem","position":1,"name":"Accueil","item":"https:\/\/immigrantquebec.com\/fr\/"},{"@type":"ListItem","position":2,"name":"Guides"}]},{"@type":"WebSite","@id":"https:\/\/immigrantquebec.com\/fr\/#website","url":"https:\/\/immigrantquebec.com\/fr\/","name":"Immigrant Qu\u00e9bec","description":"Immigrer, vivre, travailler et \u00e9tudier au Qu\u00e9bec, Canada","publisher":{"@id":"https:\/\/immigrantquebec.com\/fr\/#organization"},"potentialAction":[{"@type":"SearchAction","target":{"@type":"EntryPoint","urlTemplate":"https:\/\/immigrantquebec.com\/fr\/?s={search_term_string}"},"query-input":{"@type":"PropertyValueSpecification","valueRequired":true,"valueName":"search_term_string"}}],"inLanguage":"fr-FR"},{"@type":"Organization","@id":"https:\/\/immigrantquebec.com\/fr\/#organization","name":"Immigrant Qu\u00e9bec","url":"https:\/\/immigrantquebec.com\/fr\/","logo":{"@type":"ImageObject","inLanguage":"fr-FR","@id":"https:\/\/immigrantquebec.com\/fr\/#\/schema\/logo\/image\/","url":"https:\/\/immigrantquebec.com\/fr\/wp-content\/uploads\/2024\/03\/LogoIQ-2024-RVB.png","contentUrl":"https:\/\/immigrantquebec.com\/fr\/wp-content\/uploads\/2024\/03\/LogoIQ-2024-RVB.png","width":2500,"height":1137,"caption":"Immigrant Qu\u00e9bec"},"image":{"@id":"https:\/\/immigrantquebec.com\/fr\/#\/schema\/logo\/image\/"},"sameAs":["https:\/\/www.facebook.com\/immigrantquebec","https:\/\/x.com\/ImmigrantQuebec","https:\/\/www.instagram.com\/immigrantquebec","https:\/\/www.youtube.com\/user\/ImmigrantQc"]}]}},"_links":{"self":[{"href":"https:\/\/immigrantquebec.com\/fr\/wp-json\/wp\/v2\/pages\/9558","targetHints":{"allow":["GET"]}}],"collection":[{"href":"https:\/\/immigrantquebec.com\/fr\/wp-json\/wp\/v2\/pages"}],"about":[{"href":"https:\/\/immigrantquebec.com\/fr\/wp-json\/wp\/v2\/types\/page"}],"author":[{"embeddable":true,"href":"https:\/\/immigrantquebec.com\/fr\/wp-json\/wp\/v2\/users\/3459"}],"replies":[{"embeddable":true,"href":"https:\/\/immigrantquebec.com\/fr\/wp-json\/wp\/v2\/comments?post=9558"}],"version-history":[{"count":3,"href":"https:\/\/immigrantquebec.com\/fr\/wp-json\/wp\/v2\/pages\/9558\/revisions"}],"predecessor-version":[{"id":24466,"href":"https:\/\/immigrantquebec.com\/fr\/wp-json\/wp\/v2\/pages\/9558\/revisions\/24466"}],"wp:featuredmedia":[{"embeddable":true,"href":"https:\/\/immigrantquebec.com\/fr\/wp-json\/wp\/v2\/media\/12560"}],"wp:attachment":[{"href":"https:\/\/immigrantquebec.com\/fr\/wp-json\/wp\/v2\/media?parent=9558"}],"curies":[{"name":"wp","href":"https:\/\/api.w.org\/{rel}","templated":true}]}}