{"id":9738,"date":"2022-02-15T15:47:04","date_gmt":"2022-02-15T19:47:04","guid":{"rendered":"https:\/\/immigrantquebec.com\/?page_id=9738"},"modified":"2022-02-22T14:48:08","modified_gmt":"2022-02-22T18:48:08","slug":"vivre-a-montreal","status":"publish","type":"page","link":"https:\/\/immigrantquebec.com\/fr\/guides\/vivre-a-montreal\/","title":{"rendered":"Vivre \u00e0 Montr\u00e9al"},"content":{"rendered":"<p><img fetchpriority=\"high\" decoding=\"async\" src=\"https:\/\/immigrantquebec.com\/fr\/wp-content\/uploads\/2022\/01\/df45704d-eb8f-4fca-a27e-b839a7243e5b-127x200.jpeg\" alt=\"\" width=\"297\" height=\"467\" class=\"size-medium wp-image-8963 alignleft\" srcset=\"https:\/\/immigrantquebec.com\/fr\/wp-content\/uploads\/2022\/01\/df45704d-eb8f-4fca-a27e-b839a7243e5b-127x200.jpeg 127w, https:\/\/immigrantquebec.com\/fr\/wp-content\/uploads\/2022\/01\/df45704d-eb8f-4fca-a27e-b839a7243e5b-652x1024.jpeg 652w, https:\/\/immigrantquebec.com\/fr\/wp-content\/uploads\/2022\/01\/df45704d-eb8f-4fca-a27e-b839a7243e5b-768x1206.jpeg 768w, https:\/\/immigrantquebec.com\/fr\/wp-content\/uploads\/2022\/01\/df45704d-eb8f-4fca-a27e-b839a7243e5b.jpeg 960w\" sizes=\"(max-width: 297px) 100vw, 297px\" \/><\/p>\n<h2 align=\"justify\">Plus que jamais Montr\u00e9al attire, Montr\u00e9al s\u00e9duit, Montr\u00e9al fascine !<\/h2>\n<p align=\"justify\">Vous avez choisi de vous \u00e9tablir dans une m\u00e9tropole ouverte sur l\u2019Am\u00e9rique du Nord et sur l\u2019Europe qui rayonne par son \u00e9conomie dynamique, son effervescence culturelle et sa qualit\u00e9 de vie.<\/p>\n<p align=\"justify\">Mais un d\u00e9m\u00e9nagement dans un nouveau pays \u00ad qu\u2019il soit temporaire ou \u00e0 long terme \u2013 est source de nombreuses questions et vous vous demandez certainement comment faire en sorte que votre installation soit la plus simple et efficace possible.<\/p>\n<p align=\"justify\">D\u2019autant que si votre vie quotidienne s\u2019organise bien d\u00e8s le d\u00e9but, vous aurez plus rapidement du temps et de l\u2019\u00e9nergie pour cr\u00e9er une entreprise, d\u00e9marrer ou compl\u00e9ter vos \u00e9tudes, trouver un emploi, d\u00e9velopper votre r\u00e9seau social et professionnel et bien s\u00fbr d\u00e9couvrir Montr\u00e9al et ses environs, Laval et la Couronne Nord, Longueuil et la Couronne Sud.<\/p>\n<p align=\"justify\">Nous vous pr\u00e9sentons ici toutes les d\u00e9marches et les ressources disponibles pour faciliter votre installation, que nous connaissons bien pour les avoir nous-m\u00eames v\u00e9cues et pratiqu\u00e9es.<\/p>\n<p align=\"justify\">Au sommaire : bons plans, loisirs, logement, vie quotidienne, travail\u2026<\/p>\n<p align=\"justify\">Bienvenue \u00e0 Montr\u00e9al, bienvenue chez vous !<\/p>\n<div class=\"_form_25\"><\/div>\n<p><script src=\"https:\/\/immigrantquebec.activehosted.com\/f\/embed.php?id=25\" type=\"text\/javascript\" charset=\"utf-8\"><\/script><\/p>\n<p><a href=\"https:\/\/immigrantquebec.com\/fr\/guides\"><br \/>\n<input type=\"button\" value=\"Retour aux guides\" \/><br \/>\n<\/a><\/p>\n","protected":false},"excerpt":{"rendered":"<p>Plus que jamais Montr\u00e9al attire, Montr\u00e9al s\u00e9duit, Montr\u00e9al fascine ! Vous avez choisi de vous \u00e9tablir dans une m\u00e9tropole ouverte sur l\u2019Am\u00e9rique du Nord et sur l\u2019Europe qui rayonne par son \u00e9conomie dynamique, son effervescence culturelle et sa qualit\u00e9 de vie. Mais un d\u00e9m\u00e9nagement dans un nouveau pays \u00ad qu\u2019il soit temporaire ou \u00e0 long [&hellip;]<\/p>\n","protected":false},"author":3459,"featured_media":0,"parent":9558,"menu_order":0,"comment_status":"closed","ping_status":"closed","template":"","meta":{"_acf_changed":false,"_genesis_hide_title":false,"_genesis_hide_breadcrumbs":false,"_genesis_hide_singular_image":false,"_genesis_hide_footer_widgets":false,"_genesis_custom_body_class":"","_genesis_custom_post_class":"","_genesis_layout":"","footnotes":""},"class_list":{"0":"post-9738","1":"page","2":"type-page","3":"status-publish","5":"entry"},"acf":[],"yoast_head":"<!-- This site is optimized with the Yoast SEO plugin v27.5 - https:\/\/yoast.com\/product\/yoast-seo-wordpress\/ -->\n<title>Vivre \u00e0 Montr\u00e9al - Immigrant Qu\u00e9bec<\/title>\n<meta name=\"robots\" content=\"index, follow, max-snippet:-1, max-image-preview:large, max-video-preview:-1\" \/>\n<link rel=\"canonical\" href=\"https:\/\/immigrantquebec.com\/fr\/guides\/vivre-a-montreal\/\" \/>\n<meta property=\"og:locale\" content=\"fr_FR\" \/>\n<meta property=\"og:type\" content=\"article\" \/>\n<meta property=\"og:title\" content=\"Vivre \u00e0 Montr\u00e9al - Immigrant Qu\u00e9bec\" \/>\n<meta property=\"og:description\" content=\"Plus que jamais Montr\u00e9al attire, Montr\u00e9al s\u00e9duit, Montr\u00e9al fascine ! Vous avez choisi de vous \u00e9tablir dans une m\u00e9tropole ouverte sur l\u2019Am\u00e9rique du Nord et sur l\u2019Europe qui rayonne par son \u00e9conomie dynamique, son effervescence culturelle et sa qualit\u00e9 de vie. Mais un d\u00e9m\u00e9nagement dans un nouveau pays \u00ad qu\u2019il soit temporaire ou \u00e0 long [&hellip;]\" \/>\n<meta property=\"og:url\" content=\"https:\/\/immigrantquebec.com\/fr\/guides\/vivre-a-montreal\/\" \/>\n<meta property=\"og:site_name\" content=\"Immigrant Qu\u00e9bec\" \/>\n<meta property=\"article:publisher\" content=\"https:\/\/www.facebook.com\/immigrantquebec\" \/>\n<meta property=\"article:modified_time\" content=\"2022-02-22T18:48:08+00:00\" \/>\n<meta property=\"og:image\" content=\"https:\/\/immigrantquebec.com\/fr\/wp-content\/uploads\/2022\/01\/df45704d-eb8f-4fca-a27e-b839a7243e5b-127x200.jpeg\" \/>\n<meta name=\"twitter:label1\" content=\"Dur\u00e9e de lecture estim\u00e9e\" \/>\n\t<meta name=\"twitter:data1\" content=\"1 minute\" \/>\n<script type=\"application\/ld+json\" class=\"yoast-schema-graph\">{\"@context\":\"https:\\\/\\\/schema.org\",\"@graph\":[{\"@type\":\"WebPage\",\"@id\":\"https:\\\/\\\/immigrantquebec.com\\\/fr\\\/guides\\\/vivre-a-montreal\\\/\",\"url\":\"https:\\\/\\\/immigrantquebec.com\\\/fr\\\/guides\\\/vivre-a-montreal\\\/\",\"name\":\"Vivre \u00e0 Montr\u00e9al - Immigrant Qu\u00e9bec\",\"isPartOf\":{\"@id\":\"https:\\\/\\\/immigrantquebec.com\\\/fr\\\/#website\"},\"primaryImageOfPage\":{\"@id\":\"https:\\\/\\\/immigrantquebec.com\\\/fr\\\/guides\\\/vivre-a-montreal\\\/#primaryimage\"},\"image\":{\"@id\":\"https:\\\/\\\/immigrantquebec.com\\\/fr\\\/guides\\\/vivre-a-montreal\\\/#primaryimage\"},\"thumbnailUrl\":\"https:\\\/\\\/immigrantquebec.com\\\/fr\\\/wp-content\\\/uploads\\\/2022\\\/01\\\/df45704d-eb8f-4fca-a27e-b839a7243e5b-127x200.jpeg\",\"datePublished\":\"2022-02-15T19:47:04+00:00\",\"dateModified\":\"2022-02-22T18:48:08+00:00\",\"breadcrumb\":{\"@id\":\"https:\\\/\\\/immigrantquebec.com\\\/fr\\\/guides\\\/vivre-a-montreal\\\/#breadcrumb\"},\"inLanguage\":\"fr-FR\",\"potentialAction\":[{\"@type\":\"ReadAction\",\"target\":[\"https:\\\/\\\/immigrantquebec.com\\\/fr\\\/guides\\\/vivre-a-montreal\\\/\"]}]},{\"@type\":\"ImageObject\",\"inLanguage\":\"fr-FR\",\"@id\":\"https:\\\/\\\/immigrantquebec.com\\\/fr\\\/guides\\\/vivre-a-montreal\\\/#primaryimage\",\"url\":\"https:\\\/\\\/immigrantquebec.com\\\/fr\\\/wp-content\\\/uploads\\\/2022\\\/01\\\/df45704d-eb8f-4fca-a27e-b839a7243e5b-127x200.jpeg\",\"contentUrl\":\"https:\\\/\\\/immigrantquebec.com\\\/fr\\\/wp-content\\\/uploads\\\/2022\\\/01\\\/df45704d-eb8f-4fca-a27e-b839a7243e5b-127x200.jpeg\"},{\"@type\":\"BreadcrumbList\",\"@id\":\"https:\\\/\\\/immigrantquebec.com\\\/fr\\\/guides\\\/vivre-a-montreal\\\/#breadcrumb\",\"itemListElement\":[{\"@type\":\"ListItem\",\"position\":1,\"name\":\"Accueil\",\"item\":\"https:\\\/\\\/immigrantquebec.com\\\/fr\\\/\"},{\"@type\":\"ListItem\",\"position\":2,\"name\":\"Guides\",\"item\":\"https:\\\/\\\/immigrantquebec.com\\\/fr\\\/guides\\\/\"},{\"@type\":\"ListItem\",\"position\":3,\"name\":\"Vivre \u00e0 Montr\u00e9al\"}]},{\"@type\":\"WebSite\",\"@id\":\"https:\\\/\\\/immigrantquebec.com\\\/fr\\\/#website\",\"url\":\"https:\\\/\\\/immigrantquebec.com\\\/fr\\\/\",\"name\":\"Immigrant Qu\u00e9bec\",\"description\":\"Immigrer, vivre, travailler et \u00e9tudier au Qu\u00e9bec, Canada\",\"publisher\":{\"@id\":\"https:\\\/\\\/immigrantquebec.com\\\/fr\\\/#organization\"},\"potentialAction\":[{\"@type\":\"SearchAction\",\"target\":{\"@type\":\"EntryPoint\",\"urlTemplate\":\"https:\\\/\\\/immigrantquebec.com\\\/fr\\\/?s={search_term_string}\"},\"query-input\":{\"@type\":\"PropertyValueSpecification\",\"valueRequired\":true,\"valueName\":\"search_term_string\"}}],\"inLanguage\":\"fr-FR\"},{\"@type\":\"Organization\",\"@id\":\"https:\\\/\\\/immigrantquebec.com\\\/fr\\\/#organization\",\"name\":\"Immigrant Qu\u00e9bec\",\"url\":\"https:\\\/\\\/immigrantquebec.com\\\/fr\\\/\",\"logo\":{\"@type\":\"ImageObject\",\"inLanguage\":\"fr-FR\",\"@id\":\"https:\\\/\\\/immigrantquebec.com\\\/fr\\\/#\\\/schema\\\/logo\\\/image\\\/\",\"url\":\"https:\\\/\\\/immigrantquebec.com\\\/fr\\\/wp-content\\\/uploads\\\/2024\\\/03\\\/LogoIQ-2024-RVB.png\",\"contentUrl\":\"https:\\\/\\\/immigrantquebec.com\\\/fr\\\/wp-content\\\/uploads\\\/2024\\\/03\\\/LogoIQ-2024-RVB.png\",\"width\":2500,\"height\":1137,\"caption\":\"Immigrant Qu\u00e9bec\"},\"image\":{\"@id\":\"https:\\\/\\\/immigrantquebec.com\\\/fr\\\/#\\\/schema\\\/logo\\\/image\\\/\"},\"sameAs\":[\"https:\\\/\\\/www.facebook.com\\\/immigrantquebec\",\"https:\\\/\\\/x.com\\\/ImmigrantQuebec\",\"https:\\\/\\\/www.instagram.com\\\/immigrantquebec\",\"https:\\\/\\\/www.youtube.com\\\/user\\\/ImmigrantQc\"]}]}<\/script>\n<!-- \/ Yoast SEO plugin. -->","yoast_head_json":{"title":"Vivre \u00e0 Montr\u00e9al - Immigrant Qu\u00e9bec","robots":{"index":"index","follow":"follow","max-snippet":"max-snippet:-1","max-image-preview":"max-image-preview:large","max-video-preview":"max-video-preview:-1"},"canonical":"https:\/\/immigrantquebec.com\/fr\/guides\/vivre-a-montreal\/","og_locale":"fr_FR","og_type":"article","og_title":"Vivre \u00e0 Montr\u00e9al - Immigrant Qu\u00e9bec","og_description":"Plus que jamais Montr\u00e9al attire, Montr\u00e9al s\u00e9duit, Montr\u00e9al fascine ! Vous avez choisi de vous \u00e9tablir dans une m\u00e9tropole ouverte sur l\u2019Am\u00e9rique du Nord et sur l\u2019Europe qui rayonne par son \u00e9conomie dynamique, son effervescence culturelle et sa qualit\u00e9 de vie. Mais un d\u00e9m\u00e9nagement dans un nouveau pays \u00ad qu\u2019il soit temporaire ou \u00e0 long [&hellip;]","og_url":"https:\/\/immigrantquebec.com\/fr\/guides\/vivre-a-montreal\/","og_site_name":"Immigrant Qu\u00e9bec","article_publisher":"https:\/\/www.facebook.com\/immigrantquebec","article_modified_time":"2022-02-22T18:48:08+00:00","og_image":[{"url":"https:\/\/immigrantquebec.com\/fr\/wp-content\/uploads\/2022\/01\/df45704d-eb8f-4fca-a27e-b839a7243e5b-127x200.jpeg","type":"","width":"","height":""}],"twitter_misc":{"Dur\u00e9e de lecture estim\u00e9e":"1 minute"},"schema":{"@context":"https:\/\/schema.org","@graph":[{"@type":"WebPage","@id":"https:\/\/immigrantquebec.com\/fr\/guides\/vivre-a-montreal\/","url":"https:\/\/immigrantquebec.com\/fr\/guides\/vivre-a-montreal\/","name":"Vivre \u00e0 Montr\u00e9al - Immigrant Qu\u00e9bec","isPartOf":{"@id":"https:\/\/immigrantquebec.com\/fr\/#website"},"primaryImageOfPage":{"@id":"https:\/\/immigrantquebec.com\/fr\/guides\/vivre-a-montreal\/#primaryimage"},"image":{"@id":"https:\/\/immigrantquebec.com\/fr\/guides\/vivre-a-montreal\/#primaryimage"},"thumbnailUrl":"https:\/\/immigrantquebec.com\/fr\/wp-content\/uploads\/2022\/01\/df45704d-eb8f-4fca-a27e-b839a7243e5b-127x200.jpeg","datePublished":"2022-02-15T19:47:04+00:00","dateModified":"2022-02-22T18:48:08+00:00","breadcrumb":{"@id":"https:\/\/immigrantquebec.com\/fr\/guides\/vivre-a-montreal\/#breadcrumb"},"inLanguage":"fr-FR","potentialAction":[{"@type":"ReadAction","target":["https:\/\/immigrantquebec.com\/fr\/guides\/vivre-a-montreal\/"]}]},{"@type":"ImageObject","inLanguage":"fr-FR","@id":"https:\/\/immigrantquebec.com\/fr\/guides\/vivre-a-montreal\/#primaryimage","url":"https:\/\/immigrantquebec.com\/fr\/wp-content\/uploads\/2022\/01\/df45704d-eb8f-4fca-a27e-b839a7243e5b-127x200.jpeg","contentUrl":"https:\/\/immigrantquebec.com\/fr\/wp-content\/uploads\/2022\/01\/df45704d-eb8f-4fca-a27e-b839a7243e5b-127x200.jpeg"},{"@type":"BreadcrumbList","@id":"https:\/\/immigrantquebec.com\/fr\/guides\/vivre-a-montreal\/#breadcrumb","itemListElement":[{"@type":"ListItem","position":1,"name":"Accueil","item":"https:\/\/immigrantquebec.com\/fr\/"},{"@type":"ListItem","position":2,"name":"Guides","item":"https:\/\/immigrantquebec.com\/fr\/guides\/"},{"@type":"ListItem","position":3,"name":"Vivre \u00e0 Montr\u00e9al"}]},{"@type":"WebSite","@id":"https:\/\/immigrantquebec.com\/fr\/#website","url":"https:\/\/immigrantquebec.com\/fr\/","name":"Immigrant Qu\u00e9bec","description":"Immigrer, vivre, travailler et \u00e9tudier au Qu\u00e9bec, Canada","publisher":{"@id":"https:\/\/immigrantquebec.com\/fr\/#organization"},"potentialAction":[{"@type":"SearchAction","target":{"@type":"EntryPoint","urlTemplate":"https:\/\/immigrantquebec.com\/fr\/?s={search_term_string}"},"query-input":{"@type":"PropertyValueSpecification","valueRequired":true,"valueName":"search_term_string"}}],"inLanguage":"fr-FR"},{"@type":"Organization","@id":"https:\/\/immigrantquebec.com\/fr\/#organization","name":"Immigrant Qu\u00e9bec","url":"https:\/\/immigrantquebec.com\/fr\/","logo":{"@type":"ImageObject","inLanguage":"fr-FR","@id":"https:\/\/immigrantquebec.com\/fr\/#\/schema\/logo\/image\/","url":"https:\/\/immigrantquebec.com\/fr\/wp-content\/uploads\/2024\/03\/LogoIQ-2024-RVB.png","contentUrl":"https:\/\/immigrantquebec.com\/fr\/wp-content\/uploads\/2024\/03\/LogoIQ-2024-RVB.png","width":2500,"height":1137,"caption":"Immigrant Qu\u00e9bec"},"image":{"@id":"https:\/\/immigrantquebec.com\/fr\/#\/schema\/logo\/image\/"},"sameAs":["https:\/\/www.facebook.com\/immigrantquebec","https:\/\/x.com\/ImmigrantQuebec","https:\/\/www.instagram.com\/immigrantquebec","https:\/\/www.youtube.com\/user\/ImmigrantQc"]}]}},"_links":{"self":[{"href":"https:\/\/immigrantquebec.com\/fr\/wp-json\/wp\/v2\/pages\/9738","targetHints":{"allow":["GET"]}}],"collection":[{"href":"https:\/\/immigrantquebec.com\/fr\/wp-json\/wp\/v2\/pages"}],"about":[{"href":"https:\/\/immigrantquebec.com\/fr\/wp-json\/wp\/v2\/types\/page"}],"author":[{"embeddable":true,"href":"https:\/\/immigrantquebec.com\/fr\/wp-json\/wp\/v2\/users\/3459"}],"replies":[{"embeddable":true,"href":"https:\/\/immigrantquebec.com\/fr\/wp-json\/wp\/v2\/comments?post=9738"}],"version-history":[{"count":0,"href":"https:\/\/immigrantquebec.com\/fr\/wp-json\/wp\/v2\/pages\/9738\/revisions"}],"up":[{"embeddable":true,"href":"https:\/\/immigrantquebec.com\/fr\/wp-json\/wp\/v2\/pages\/9558"}],"wp:attachment":[{"href":"https:\/\/immigrantquebec.com\/fr\/wp-json\/wp\/v2\/media?parent=9738"}],"curies":[{"name":"wp","href":"https:\/\/api.w.org\/{rel}","templated":true}]}}