{"id":9771,"date":"2022-02-15T16:02:58","date_gmt":"2022-02-15T20:02:58","guid":{"rendered":"https:\/\/immigrantquebec.com\/?page_id=9771"},"modified":"2022-02-22T15:42:54","modified_gmt":"2022-02-22T19:42:54","slug":"travailler-au-quebec","status":"publish","type":"page","link":"https:\/\/immigrantquebec.com\/fr\/guides\/travailler-au-quebec\/","title":{"rendered":"Travailler au Qu\u00e9bec"},"content":{"rendered":"<p><img fetchpriority=\"high\" decoding=\"async\" src=\"https:\/\/immigrantquebec.com\/fr\/wp-content\/uploads\/2022\/01\/261c8eff-49e3-4332-86c3-88666d014771-127x200.jpeg\" alt=\"\" width=\"297\" height=\"467\" class=\"size-medium wp-image-8948 alignleft\" srcset=\"https:\/\/immigrantquebec.com\/fr\/wp-content\/uploads\/2022\/01\/261c8eff-49e3-4332-86c3-88666d014771-127x200.jpeg 127w, https:\/\/immigrantquebec.com\/fr\/wp-content\/uploads\/2022\/01\/261c8eff-49e3-4332-86c3-88666d014771-652x1024.jpeg 652w, https:\/\/immigrantquebec.com\/fr\/wp-content\/uploads\/2022\/01\/261c8eff-49e3-4332-86c3-88666d014771-768x1206.jpeg 768w, https:\/\/immigrantquebec.com\/fr\/wp-content\/uploads\/2022\/01\/261c8eff-49e3-4332-86c3-88666d014771.jpeg 960w\" sizes=\"(max-width: 297px) 100vw, 297px\" \/><\/p>\n<p align=\"justify\">Quelles sont les entreprises qui recrutent ? Quels sont les secteurs d\u2019activit\u00e9s qui embauchent ? Comment me faire remarquer par un employeur ? Qui peut m\u2019accompagner dans ma recherche d\u2019emploi ? Et bien d\u2019autres questions encore ! Le guide \u00ab Travailler au Qu\u00e9bec \u00bb vous offre les bonnes informations et les bonnes ressources pour d\u00e9fricher le terrain de l\u2019emploi au Qu\u00e9bec avant m\u00eame votre arriv\u00e9e.<\/p>\n<p>Parce que l\u2019emploi est au c\u0153ur de la vie de tout nouvel arrivant, il est important de saisir les codes culturels du travail au Qu\u00e9bec afin de mettre toutes les chances de votre c\u00f4t\u00e9. Et n\u2019h\u00e9sitez pas \u00e0 explorer les possibilit\u00e9s hors de Montr\u00e9al : les r\u00e9gions du Qu\u00e9bec peuvent aussi vous offrir de tr\u00e8s belles opportunit\u00e9s professionnelles. Rappelez-vous aussi que, m\u00eame si la situation \u00e9conomique du Qu\u00e9bec et du Canada est bonne, vous allez devoir vous retrousser les manches afin de faire vos preuves aupr\u00e8s des employeurs.<\/p>\n<p>C\u2019est en pers\u00e9v\u00e9rant et en vous familiarisant progressivement avec le monde du travail qu\u00e9b\u00e9cois que vous vous b\u00e2tirez la vie professionnelle qui vous va !<\/p>\n<div class=\"_form_27\"><\/div>\n<p><script src=\"https:\/\/immigrantquebec.activehosted.com\/f\/embed.php?id=27\" type=\"text\/javascript\" charset=\"utf-8\"><\/script><\/p>\n<p><a href=\"https:\/\/immigrantquebec.com\/fr\/guides\"><br \/>\n<input type=\"button\" value=\"Retour aux guides\"><br \/>\n<\/a><\/p>\n","protected":false},"excerpt":{"rendered":"<p>Quelles sont les entreprises qui recrutent ? Quels sont les secteurs d\u2019activit\u00e9s qui embauchent ? Comment me faire remarquer par un employeur ? Qui peut m\u2019accompagner dans ma recherche d\u2019emploi ? Et bien d\u2019autres questions encore ! Le guide \u00ab Travailler au Qu\u00e9bec \u00bb vous offre les bonnes informations et les bonnes ressources pour d\u00e9fricher [&hellip;]<\/p>\n","protected":false},"author":3459,"featured_media":0,"parent":9558,"menu_order":0,"comment_status":"closed","ping_status":"closed","template":"","meta":{"_acf_changed":false,"_genesis_hide_title":false,"_genesis_hide_breadcrumbs":false,"_genesis_hide_singular_image":false,"_genesis_hide_footer_widgets":false,"_genesis_custom_body_class":"","_genesis_custom_post_class":"","_genesis_layout":"","footnotes":""},"class_list":{"0":"post-9771","1":"page","2":"type-page","3":"status-publish","5":"entry"},"acf":[],"yoast_head":"<!-- This site is optimized with the Yoast SEO plugin v27.4 - https:\/\/yoast.com\/product\/yoast-seo-wordpress\/ -->\n<title>Travailler au Qu\u00e9bec - Immigrant Qu\u00e9bec<\/title>\n<meta name=\"robots\" content=\"index, follow, max-snippet:-1, max-image-preview:large, max-video-preview:-1\" \/>\n<link rel=\"canonical\" href=\"https:\/\/immigrantquebec.com\/fr\/guides\/travailler-au-quebec\/\" \/>\n<meta property=\"og:locale\" content=\"fr_FR\" \/>\n<meta property=\"og:type\" content=\"article\" \/>\n<meta property=\"og:title\" content=\"Travailler au Qu\u00e9bec - Immigrant Qu\u00e9bec\" \/>\n<meta property=\"og:description\" content=\"Quelles sont les entreprises qui recrutent ? Quels sont les secteurs d\u2019activit\u00e9s qui embauchent ? Comment me faire remarquer par un employeur ? Qui peut m\u2019accompagner dans ma recherche d\u2019emploi ? Et bien d\u2019autres questions encore ! Le guide \u00ab Travailler au Qu\u00e9bec \u00bb vous offre les bonnes informations et les bonnes ressources pour d\u00e9fricher [&hellip;]\" \/>\n<meta property=\"og:url\" content=\"https:\/\/immigrantquebec.com\/fr\/guides\/travailler-au-quebec\/\" \/>\n<meta property=\"og:site_name\" content=\"Immigrant Qu\u00e9bec\" \/>\n<meta property=\"article:publisher\" content=\"https:\/\/www.facebook.com\/immigrantquebec\" \/>\n<meta property=\"article:modified_time\" content=\"2022-02-22T19:42:54+00:00\" \/>\n<meta property=\"og:image\" content=\"https:\/\/immigrantquebec.com\/fr\/wp-content\/uploads\/2022\/01\/261c8eff-49e3-4332-86c3-88666d014771-127x200.jpeg\" \/>\n<meta name=\"twitter:label1\" content=\"Dur\u00e9e de lecture estim\u00e9e\" \/>\n\t<meta name=\"twitter:data1\" content=\"1 minute\" \/>\n<script type=\"application\/ld+json\" class=\"yoast-schema-graph\">{\"@context\":\"https:\\\/\\\/schema.org\",\"@graph\":[{\"@type\":\"WebPage\",\"@id\":\"https:\\\/\\\/immigrantquebec.com\\\/fr\\\/guides\\\/travailler-au-quebec\\\/\",\"url\":\"https:\\\/\\\/immigrantquebec.com\\\/fr\\\/guides\\\/travailler-au-quebec\\\/\",\"name\":\"Travailler au Qu\u00e9bec - Immigrant Qu\u00e9bec\",\"isPartOf\":{\"@id\":\"https:\\\/\\\/immigrantquebec.com\\\/fr\\\/#website\"},\"primaryImageOfPage\":{\"@id\":\"https:\\\/\\\/immigrantquebec.com\\\/fr\\\/guides\\\/travailler-au-quebec\\\/#primaryimage\"},\"image\":{\"@id\":\"https:\\\/\\\/immigrantquebec.com\\\/fr\\\/guides\\\/travailler-au-quebec\\\/#primaryimage\"},\"thumbnailUrl\":\"https:\\\/\\\/immigrantquebec.com\\\/fr\\\/wp-content\\\/uploads\\\/2022\\\/01\\\/261c8eff-49e3-4332-86c3-88666d014771-127x200.jpeg\",\"datePublished\":\"2022-02-15T20:02:58+00:00\",\"dateModified\":\"2022-02-22T19:42:54+00:00\",\"breadcrumb\":{\"@id\":\"https:\\\/\\\/immigrantquebec.com\\\/fr\\\/guides\\\/travailler-au-quebec\\\/#breadcrumb\"},\"inLanguage\":\"fr-FR\",\"potentialAction\":[{\"@type\":\"ReadAction\",\"target\":[\"https:\\\/\\\/immigrantquebec.com\\\/fr\\\/guides\\\/travailler-au-quebec\\\/\"]}]},{\"@type\":\"ImageObject\",\"inLanguage\":\"fr-FR\",\"@id\":\"https:\\\/\\\/immigrantquebec.com\\\/fr\\\/guides\\\/travailler-au-quebec\\\/#primaryimage\",\"url\":\"https:\\\/\\\/immigrantquebec.com\\\/fr\\\/wp-content\\\/uploads\\\/2022\\\/01\\\/261c8eff-49e3-4332-86c3-88666d014771-127x200.jpeg\",\"contentUrl\":\"https:\\\/\\\/immigrantquebec.com\\\/fr\\\/wp-content\\\/uploads\\\/2022\\\/01\\\/261c8eff-49e3-4332-86c3-88666d014771-127x200.jpeg\"},{\"@type\":\"BreadcrumbList\",\"@id\":\"https:\\\/\\\/immigrantquebec.com\\\/fr\\\/guides\\\/travailler-au-quebec\\\/#breadcrumb\",\"itemListElement\":[{\"@type\":\"ListItem\",\"position\":1,\"name\":\"Accueil\",\"item\":\"https:\\\/\\\/immigrantquebec.com\\\/fr\\\/\"},{\"@type\":\"ListItem\",\"position\":2,\"name\":\"Guides\",\"item\":\"https:\\\/\\\/immigrantquebec.com\\\/fr\\\/guides\\\/\"},{\"@type\":\"ListItem\",\"position\":3,\"name\":\"Travailler au Qu\u00e9bec\"}]},{\"@type\":\"WebSite\",\"@id\":\"https:\\\/\\\/immigrantquebec.com\\\/fr\\\/#website\",\"url\":\"https:\\\/\\\/immigrantquebec.com\\\/fr\\\/\",\"name\":\"Immigrant Qu\u00e9bec\",\"description\":\"Immigrer, vivre, travailler et \u00e9tudier au Qu\u00e9bec, Canada\",\"publisher\":{\"@id\":\"https:\\\/\\\/immigrantquebec.com\\\/fr\\\/#organization\"},\"potentialAction\":[{\"@type\":\"SearchAction\",\"target\":{\"@type\":\"EntryPoint\",\"urlTemplate\":\"https:\\\/\\\/immigrantquebec.com\\\/fr\\\/?s={search_term_string}\"},\"query-input\":{\"@type\":\"PropertyValueSpecification\",\"valueRequired\":true,\"valueName\":\"search_term_string\"}}],\"inLanguage\":\"fr-FR\"},{\"@type\":\"Organization\",\"@id\":\"https:\\\/\\\/immigrantquebec.com\\\/fr\\\/#organization\",\"name\":\"Immigrant Qu\u00e9bec\",\"url\":\"https:\\\/\\\/immigrantquebec.com\\\/fr\\\/\",\"logo\":{\"@type\":\"ImageObject\",\"inLanguage\":\"fr-FR\",\"@id\":\"https:\\\/\\\/immigrantquebec.com\\\/fr\\\/#\\\/schema\\\/logo\\\/image\\\/\",\"url\":\"https:\\\/\\\/immigrantquebec.com\\\/fr\\\/wp-content\\\/uploads\\\/2024\\\/03\\\/LogoIQ-2024-RVB.png\",\"contentUrl\":\"https:\\\/\\\/immigrantquebec.com\\\/fr\\\/wp-content\\\/uploads\\\/2024\\\/03\\\/LogoIQ-2024-RVB.png\",\"width\":2500,\"height\":1137,\"caption\":\"Immigrant Qu\u00e9bec\"},\"image\":{\"@id\":\"https:\\\/\\\/immigrantquebec.com\\\/fr\\\/#\\\/schema\\\/logo\\\/image\\\/\"},\"sameAs\":[\"https:\\\/\\\/www.facebook.com\\\/immigrantquebec\",\"https:\\\/\\\/x.com\\\/ImmigrantQuebec\",\"https:\\\/\\\/www.instagram.com\\\/immigrantquebec\",\"https:\\\/\\\/www.youtube.com\\\/user\\\/ImmigrantQc\"]}]}<\/script>\n<!-- \/ Yoast SEO plugin. -->","yoast_head_json":{"title":"Travailler au Qu\u00e9bec - Immigrant Qu\u00e9bec","robots":{"index":"index","follow":"follow","max-snippet":"max-snippet:-1","max-image-preview":"max-image-preview:large","max-video-preview":"max-video-preview:-1"},"canonical":"https:\/\/immigrantquebec.com\/fr\/guides\/travailler-au-quebec\/","og_locale":"fr_FR","og_type":"article","og_title":"Travailler au Qu\u00e9bec - Immigrant Qu\u00e9bec","og_description":"Quelles sont les entreprises qui recrutent ? Quels sont les secteurs d\u2019activit\u00e9s qui embauchent ? Comment me faire remarquer par un employeur ? Qui peut m\u2019accompagner dans ma recherche d\u2019emploi ? Et bien d\u2019autres questions encore ! Le guide \u00ab Travailler au Qu\u00e9bec \u00bb vous offre les bonnes informations et les bonnes ressources pour d\u00e9fricher [&hellip;]","og_url":"https:\/\/immigrantquebec.com\/fr\/guides\/travailler-au-quebec\/","og_site_name":"Immigrant Qu\u00e9bec","article_publisher":"https:\/\/www.facebook.com\/immigrantquebec","article_modified_time":"2022-02-22T19:42:54+00:00","og_image":[{"url":"https:\/\/immigrantquebec.com\/fr\/wp-content\/uploads\/2022\/01\/261c8eff-49e3-4332-86c3-88666d014771-127x200.jpeg","type":"","width":"","height":""}],"twitter_misc":{"Dur\u00e9e de lecture estim\u00e9e":"1 minute"},"schema":{"@context":"https:\/\/schema.org","@graph":[{"@type":"WebPage","@id":"https:\/\/immigrantquebec.com\/fr\/guides\/travailler-au-quebec\/","url":"https:\/\/immigrantquebec.com\/fr\/guides\/travailler-au-quebec\/","name":"Travailler au Qu\u00e9bec - Immigrant Qu\u00e9bec","isPartOf":{"@id":"https:\/\/immigrantquebec.com\/fr\/#website"},"primaryImageOfPage":{"@id":"https:\/\/immigrantquebec.com\/fr\/guides\/travailler-au-quebec\/#primaryimage"},"image":{"@id":"https:\/\/immigrantquebec.com\/fr\/guides\/travailler-au-quebec\/#primaryimage"},"thumbnailUrl":"https:\/\/immigrantquebec.com\/fr\/wp-content\/uploads\/2022\/01\/261c8eff-49e3-4332-86c3-88666d014771-127x200.jpeg","datePublished":"2022-02-15T20:02:58+00:00","dateModified":"2022-02-22T19:42:54+00:00","breadcrumb":{"@id":"https:\/\/immigrantquebec.com\/fr\/guides\/travailler-au-quebec\/#breadcrumb"},"inLanguage":"fr-FR","potentialAction":[{"@type":"ReadAction","target":["https:\/\/immigrantquebec.com\/fr\/guides\/travailler-au-quebec\/"]}]},{"@type":"ImageObject","inLanguage":"fr-FR","@id":"https:\/\/immigrantquebec.com\/fr\/guides\/travailler-au-quebec\/#primaryimage","url":"https:\/\/immigrantquebec.com\/fr\/wp-content\/uploads\/2022\/01\/261c8eff-49e3-4332-86c3-88666d014771-127x200.jpeg","contentUrl":"https:\/\/immigrantquebec.com\/fr\/wp-content\/uploads\/2022\/01\/261c8eff-49e3-4332-86c3-88666d014771-127x200.jpeg"},{"@type":"BreadcrumbList","@id":"https:\/\/immigrantquebec.com\/fr\/guides\/travailler-au-quebec\/#breadcrumb","itemListElement":[{"@type":"ListItem","position":1,"name":"Accueil","item":"https:\/\/immigrantquebec.com\/fr\/"},{"@type":"ListItem","position":2,"name":"Guides","item":"https:\/\/immigrantquebec.com\/fr\/guides\/"},{"@type":"ListItem","position":3,"name":"Travailler au Qu\u00e9bec"}]},{"@type":"WebSite","@id":"https:\/\/immigrantquebec.com\/fr\/#website","url":"https:\/\/immigrantquebec.com\/fr\/","name":"Immigrant Qu\u00e9bec","description":"Immigrer, vivre, travailler et \u00e9tudier au Qu\u00e9bec, Canada","publisher":{"@id":"https:\/\/immigrantquebec.com\/fr\/#organization"},"potentialAction":[{"@type":"SearchAction","target":{"@type":"EntryPoint","urlTemplate":"https:\/\/immigrantquebec.com\/fr\/?s={search_term_string}"},"query-input":{"@type":"PropertyValueSpecification","valueRequired":true,"valueName":"search_term_string"}}],"inLanguage":"fr-FR"},{"@type":"Organization","@id":"https:\/\/immigrantquebec.com\/fr\/#organization","name":"Immigrant Qu\u00e9bec","url":"https:\/\/immigrantquebec.com\/fr\/","logo":{"@type":"ImageObject","inLanguage":"fr-FR","@id":"https:\/\/immigrantquebec.com\/fr\/#\/schema\/logo\/image\/","url":"https:\/\/immigrantquebec.com\/fr\/wp-content\/uploads\/2024\/03\/LogoIQ-2024-RVB.png","contentUrl":"https:\/\/immigrantquebec.com\/fr\/wp-content\/uploads\/2024\/03\/LogoIQ-2024-RVB.png","width":2500,"height":1137,"caption":"Immigrant Qu\u00e9bec"},"image":{"@id":"https:\/\/immigrantquebec.com\/fr\/#\/schema\/logo\/image\/"},"sameAs":["https:\/\/www.facebook.com\/immigrantquebec","https:\/\/x.com\/ImmigrantQuebec","https:\/\/www.instagram.com\/immigrantquebec","https:\/\/www.youtube.com\/user\/ImmigrantQc"]}]}},"_links":{"self":[{"href":"https:\/\/immigrantquebec.com\/fr\/wp-json\/wp\/v2\/pages\/9771","targetHints":{"allow":["GET"]}}],"collection":[{"href":"https:\/\/immigrantquebec.com\/fr\/wp-json\/wp\/v2\/pages"}],"about":[{"href":"https:\/\/immigrantquebec.com\/fr\/wp-json\/wp\/v2\/types\/page"}],"author":[{"embeddable":true,"href":"https:\/\/immigrantquebec.com\/fr\/wp-json\/wp\/v2\/users\/3459"}],"replies":[{"embeddable":true,"href":"https:\/\/immigrantquebec.com\/fr\/wp-json\/wp\/v2\/comments?post=9771"}],"version-history":[{"count":0,"href":"https:\/\/immigrantquebec.com\/fr\/wp-json\/wp\/v2\/pages\/9771\/revisions"}],"up":[{"embeddable":true,"href":"https:\/\/immigrantquebec.com\/fr\/wp-json\/wp\/v2\/pages\/9558"}],"wp:attachment":[{"href":"https:\/\/immigrantquebec.com\/fr\/wp-json\/wp\/v2\/media?parent=9771"}],"curies":[{"name":"wp","href":"https:\/\/api.w.org\/{rel}","templated":true}]}}