{"id":9772,"date":"2022-02-15T16:03:08","date_gmt":"2022-02-15T20:03:08","guid":{"rendered":"https:\/\/immigrantquebec.com\/?page_id=9772"},"modified":"2022-02-22T15:56:37","modified_gmt":"2022-02-22T19:56:37","slug":"entreprendre-au-quebec","status":"publish","type":"page","link":"https:\/\/immigrantquebec.com\/fr\/guides\/entreprendre-au-quebec\/","title":{"rendered":"Entreprendre au Qu\u00e9bec"},"content":{"rendered":"<p><img fetchpriority=\"high\" decoding=\"async\" src=\"https:\/\/immigrantquebec.com\/fr\/wp-content\/uploads\/2022\/01\/854dcecd-cb0f-4bf1-a499-41a982360fc5-127x200.jpeg\" alt=\"\" width=\"297\" height=\"467\" class=\"size-medium wp-image-8951 alignleft\" srcset=\"https:\/\/immigrantquebec.com\/fr\/wp-content\/uploads\/2022\/01\/854dcecd-cb0f-4bf1-a499-41a982360fc5-127x200.jpeg 127w, https:\/\/immigrantquebec.com\/fr\/wp-content\/uploads\/2022\/01\/854dcecd-cb0f-4bf1-a499-41a982360fc5-651x1024.jpeg 651w, https:\/\/immigrantquebec.com\/fr\/wp-content\/uploads\/2022\/01\/854dcecd-cb0f-4bf1-a499-41a982360fc5-768x1207.jpeg 768w, https:\/\/immigrantquebec.com\/fr\/wp-content\/uploads\/2022\/01\/854dcecd-cb0f-4bf1-a499-41a982360fc5.jpeg 960w\" sizes=\"(max-width: 297px) 100vw, 297px\" \/><\/p>\n<p align=\"justify\">Fruit d\u2019un travail collectif et document\u00e9, le guide Entreprendre au Qu\u00e9bec pr\u00e9sente notamment les organismes d\u2019accompagnement, les programmes de financement et autres ressources incontournables en mati\u00e8re de cr\u00e9ation et de d\u00e9veloppement d\u2019entreprises.<\/p>\n<p align=\"justify\">Il permet aussi bien aux n\u00e9ophytes qu\u2019aux entrepreneurs exp\u00e9riment\u00e9s de se familiariser avec les structures juridiques, l\u2019environnement l\u00e9gal et fiscal, la culture d\u2019affaires qu\u00e9b\u00e9coise, et fait \u00e9galement le point sur les secteurs cl\u00e9s pour entreprendre, les atouts de Montr\u00e9al et des r\u00e9gions.<\/p>\n<p align=\"justify\">De l\u2019\u00e9tude de march\u00e9 au plan d\u2019affaires en passant par les possibilit\u00e9s de r\u00e9seautage et de mentorat, Entreprendre au Qu\u00e9bec propose aux aspirants entrepreneurs un r\u00e9sum\u00e9 des \u00e9tapes \u00e0 suivre et des bonnes pratiques \u00e0 adopter pour mettre toutes les chances de succ\u00e8s de son c\u00f4t\u00e9.<\/p>\n<div class=\"_form_29\"><\/div>\n<p><script src=\"https:\/\/immigrantquebec.activehosted.com\/f\/embed.php?id=29\" type=\"text\/javascript\" charset=\"utf-8\"><\/script><\/p>\n<p><a href=\"https:\/\/immigrantquebec.com\/fr\/guides\"><br \/>\n<input type=\"button\" value=\"Retour aux guides\"><br \/>\n<\/a><\/p>\n","protected":false},"excerpt":{"rendered":"<p>Fruit d\u2019un travail collectif et document\u00e9, le guide Entreprendre au Qu\u00e9bec pr\u00e9sente notamment les organismes d\u2019accompagnement, les programmes de financement et autres ressources incontournables en mati\u00e8re de cr\u00e9ation et de d\u00e9veloppement d\u2019entreprises. Il permet aussi bien aux n\u00e9ophytes qu\u2019aux entrepreneurs exp\u00e9riment\u00e9s de se familiariser avec les structures juridiques, l\u2019environnement l\u00e9gal et fiscal, la culture d\u2019affaires [&hellip;]<\/p>\n","protected":false},"author":3459,"featured_media":0,"parent":9558,"menu_order":0,"comment_status":"closed","ping_status":"closed","template":"","meta":{"_acf_changed":false,"_genesis_hide_title":false,"_genesis_hide_breadcrumbs":false,"_genesis_hide_singular_image":false,"_genesis_hide_footer_widgets":false,"_genesis_custom_body_class":"","_genesis_custom_post_class":"","_genesis_layout":"","footnotes":""},"class_list":{"0":"post-9772","1":"page","2":"type-page","3":"status-publish","5":"entry"},"acf":[],"yoast_head":"<!-- This site is optimized with the Yoast SEO plugin v27.4 - https:\/\/yoast.com\/product\/yoast-seo-wordpress\/ -->\n<title>Entreprendre au Qu\u00e9bec - Immigrant Qu\u00e9bec<\/title>\n<meta name=\"robots\" content=\"index, follow, max-snippet:-1, max-image-preview:large, max-video-preview:-1\" \/>\n<link rel=\"canonical\" href=\"https:\/\/immigrantquebec.com\/fr\/guides\/entreprendre-au-quebec\/\" \/>\n<meta property=\"og:locale\" content=\"fr_FR\" \/>\n<meta property=\"og:type\" content=\"article\" \/>\n<meta property=\"og:title\" content=\"Entreprendre au Qu\u00e9bec - Immigrant Qu\u00e9bec\" \/>\n<meta property=\"og:description\" content=\"Fruit d\u2019un travail collectif et document\u00e9, le guide Entreprendre au Qu\u00e9bec pr\u00e9sente notamment les organismes d\u2019accompagnement, les programmes de financement et autres ressources incontournables en mati\u00e8re de cr\u00e9ation et de d\u00e9veloppement d\u2019entreprises. Il permet aussi bien aux n\u00e9ophytes qu\u2019aux entrepreneurs exp\u00e9riment\u00e9s de se familiariser avec les structures juridiques, l\u2019environnement l\u00e9gal et fiscal, la culture d\u2019affaires [&hellip;]\" \/>\n<meta property=\"og:url\" content=\"https:\/\/immigrantquebec.com\/fr\/guides\/entreprendre-au-quebec\/\" \/>\n<meta property=\"og:site_name\" content=\"Immigrant Qu\u00e9bec\" \/>\n<meta property=\"article:publisher\" content=\"https:\/\/www.facebook.com\/immigrantquebec\" \/>\n<meta property=\"article:modified_time\" content=\"2022-02-22T19:56:37+00:00\" \/>\n<meta property=\"og:image\" content=\"https:\/\/immigrantquebec.com\/fr\/wp-content\/uploads\/2022\/01\/854dcecd-cb0f-4bf1-a499-41a982360fc5-127x200.jpeg\" \/>\n<meta name=\"twitter:label1\" content=\"Dur\u00e9e de lecture estim\u00e9e\" \/>\n\t<meta name=\"twitter:data1\" content=\"1 minute\" \/>\n<script type=\"application\/ld+json\" class=\"yoast-schema-graph\">{\"@context\":\"https:\\\/\\\/schema.org\",\"@graph\":[{\"@type\":\"WebPage\",\"@id\":\"https:\\\/\\\/immigrantquebec.com\\\/fr\\\/guides\\\/entreprendre-au-quebec\\\/\",\"url\":\"https:\\\/\\\/immigrantquebec.com\\\/fr\\\/guides\\\/entreprendre-au-quebec\\\/\",\"name\":\"Entreprendre au Qu\u00e9bec - Immigrant Qu\u00e9bec\",\"isPartOf\":{\"@id\":\"https:\\\/\\\/immigrantquebec.com\\\/fr\\\/#website\"},\"primaryImageOfPage\":{\"@id\":\"https:\\\/\\\/immigrantquebec.com\\\/fr\\\/guides\\\/entreprendre-au-quebec\\\/#primaryimage\"},\"image\":{\"@id\":\"https:\\\/\\\/immigrantquebec.com\\\/fr\\\/guides\\\/entreprendre-au-quebec\\\/#primaryimage\"},\"thumbnailUrl\":\"https:\\\/\\\/immigrantquebec.com\\\/fr\\\/wp-content\\\/uploads\\\/2022\\\/01\\\/854dcecd-cb0f-4bf1-a499-41a982360fc5-127x200.jpeg\",\"datePublished\":\"2022-02-15T20:03:08+00:00\",\"dateModified\":\"2022-02-22T19:56:37+00:00\",\"breadcrumb\":{\"@id\":\"https:\\\/\\\/immigrantquebec.com\\\/fr\\\/guides\\\/entreprendre-au-quebec\\\/#breadcrumb\"},\"inLanguage\":\"fr-FR\",\"potentialAction\":[{\"@type\":\"ReadAction\",\"target\":[\"https:\\\/\\\/immigrantquebec.com\\\/fr\\\/guides\\\/entreprendre-au-quebec\\\/\"]}]},{\"@type\":\"ImageObject\",\"inLanguage\":\"fr-FR\",\"@id\":\"https:\\\/\\\/immigrantquebec.com\\\/fr\\\/guides\\\/entreprendre-au-quebec\\\/#primaryimage\",\"url\":\"https:\\\/\\\/immigrantquebec.com\\\/fr\\\/wp-content\\\/uploads\\\/2022\\\/01\\\/854dcecd-cb0f-4bf1-a499-41a982360fc5-127x200.jpeg\",\"contentUrl\":\"https:\\\/\\\/immigrantquebec.com\\\/fr\\\/wp-content\\\/uploads\\\/2022\\\/01\\\/854dcecd-cb0f-4bf1-a499-41a982360fc5-127x200.jpeg\"},{\"@type\":\"BreadcrumbList\",\"@id\":\"https:\\\/\\\/immigrantquebec.com\\\/fr\\\/guides\\\/entreprendre-au-quebec\\\/#breadcrumb\",\"itemListElement\":[{\"@type\":\"ListItem\",\"position\":1,\"name\":\"Accueil\",\"item\":\"https:\\\/\\\/immigrantquebec.com\\\/fr\\\/\"},{\"@type\":\"ListItem\",\"position\":2,\"name\":\"Guides\",\"item\":\"https:\\\/\\\/immigrantquebec.com\\\/fr\\\/guides\\\/\"},{\"@type\":\"ListItem\",\"position\":3,\"name\":\"Entreprendre au Qu\u00e9bec\"}]},{\"@type\":\"WebSite\",\"@id\":\"https:\\\/\\\/immigrantquebec.com\\\/fr\\\/#website\",\"url\":\"https:\\\/\\\/immigrantquebec.com\\\/fr\\\/\",\"name\":\"Immigrant Qu\u00e9bec\",\"description\":\"Immigrer, vivre, travailler et \u00e9tudier au Qu\u00e9bec, Canada\",\"publisher\":{\"@id\":\"https:\\\/\\\/immigrantquebec.com\\\/fr\\\/#organization\"},\"potentialAction\":[{\"@type\":\"SearchAction\",\"target\":{\"@type\":\"EntryPoint\",\"urlTemplate\":\"https:\\\/\\\/immigrantquebec.com\\\/fr\\\/?s={search_term_string}\"},\"query-input\":{\"@type\":\"PropertyValueSpecification\",\"valueRequired\":true,\"valueName\":\"search_term_string\"}}],\"inLanguage\":\"fr-FR\"},{\"@type\":\"Organization\",\"@id\":\"https:\\\/\\\/immigrantquebec.com\\\/fr\\\/#organization\",\"name\":\"Immigrant Qu\u00e9bec\",\"url\":\"https:\\\/\\\/immigrantquebec.com\\\/fr\\\/\",\"logo\":{\"@type\":\"ImageObject\",\"inLanguage\":\"fr-FR\",\"@id\":\"https:\\\/\\\/immigrantquebec.com\\\/fr\\\/#\\\/schema\\\/logo\\\/image\\\/\",\"url\":\"https:\\\/\\\/immigrantquebec.com\\\/fr\\\/wp-content\\\/uploads\\\/2024\\\/03\\\/LogoIQ-2024-RVB.png\",\"contentUrl\":\"https:\\\/\\\/immigrantquebec.com\\\/fr\\\/wp-content\\\/uploads\\\/2024\\\/03\\\/LogoIQ-2024-RVB.png\",\"width\":2500,\"height\":1137,\"caption\":\"Immigrant Qu\u00e9bec\"},\"image\":{\"@id\":\"https:\\\/\\\/immigrantquebec.com\\\/fr\\\/#\\\/schema\\\/logo\\\/image\\\/\"},\"sameAs\":[\"https:\\\/\\\/www.facebook.com\\\/immigrantquebec\",\"https:\\\/\\\/x.com\\\/ImmigrantQuebec\",\"https:\\\/\\\/www.instagram.com\\\/immigrantquebec\",\"https:\\\/\\\/www.youtube.com\\\/user\\\/ImmigrantQc\"]}]}<\/script>\n<!-- \/ Yoast SEO plugin. -->","yoast_head_json":{"title":"Entreprendre au Qu\u00e9bec - Immigrant Qu\u00e9bec","robots":{"index":"index","follow":"follow","max-snippet":"max-snippet:-1","max-image-preview":"max-image-preview:large","max-video-preview":"max-video-preview:-1"},"canonical":"https:\/\/immigrantquebec.com\/fr\/guides\/entreprendre-au-quebec\/","og_locale":"fr_FR","og_type":"article","og_title":"Entreprendre au Qu\u00e9bec - Immigrant Qu\u00e9bec","og_description":"Fruit d\u2019un travail collectif et document\u00e9, le guide Entreprendre au Qu\u00e9bec pr\u00e9sente notamment les organismes d\u2019accompagnement, les programmes de financement et autres ressources incontournables en mati\u00e8re de cr\u00e9ation et de d\u00e9veloppement d\u2019entreprises. Il permet aussi bien aux n\u00e9ophytes qu\u2019aux entrepreneurs exp\u00e9riment\u00e9s de se familiariser avec les structures juridiques, l\u2019environnement l\u00e9gal et fiscal, la culture d\u2019affaires [&hellip;]","og_url":"https:\/\/immigrantquebec.com\/fr\/guides\/entreprendre-au-quebec\/","og_site_name":"Immigrant Qu\u00e9bec","article_publisher":"https:\/\/www.facebook.com\/immigrantquebec","article_modified_time":"2022-02-22T19:56:37+00:00","og_image":[{"url":"https:\/\/immigrantquebec.com\/fr\/wp-content\/uploads\/2022\/01\/854dcecd-cb0f-4bf1-a499-41a982360fc5-127x200.jpeg","type":"","width":"","height":""}],"twitter_misc":{"Dur\u00e9e de lecture estim\u00e9e":"1 minute"},"schema":{"@context":"https:\/\/schema.org","@graph":[{"@type":"WebPage","@id":"https:\/\/immigrantquebec.com\/fr\/guides\/entreprendre-au-quebec\/","url":"https:\/\/immigrantquebec.com\/fr\/guides\/entreprendre-au-quebec\/","name":"Entreprendre au Qu\u00e9bec - Immigrant Qu\u00e9bec","isPartOf":{"@id":"https:\/\/immigrantquebec.com\/fr\/#website"},"primaryImageOfPage":{"@id":"https:\/\/immigrantquebec.com\/fr\/guides\/entreprendre-au-quebec\/#primaryimage"},"image":{"@id":"https:\/\/immigrantquebec.com\/fr\/guides\/entreprendre-au-quebec\/#primaryimage"},"thumbnailUrl":"https:\/\/immigrantquebec.com\/fr\/wp-content\/uploads\/2022\/01\/854dcecd-cb0f-4bf1-a499-41a982360fc5-127x200.jpeg","datePublished":"2022-02-15T20:03:08+00:00","dateModified":"2022-02-22T19:56:37+00:00","breadcrumb":{"@id":"https:\/\/immigrantquebec.com\/fr\/guides\/entreprendre-au-quebec\/#breadcrumb"},"inLanguage":"fr-FR","potentialAction":[{"@type":"ReadAction","target":["https:\/\/immigrantquebec.com\/fr\/guides\/entreprendre-au-quebec\/"]}]},{"@type":"ImageObject","inLanguage":"fr-FR","@id":"https:\/\/immigrantquebec.com\/fr\/guides\/entreprendre-au-quebec\/#primaryimage","url":"https:\/\/immigrantquebec.com\/fr\/wp-content\/uploads\/2022\/01\/854dcecd-cb0f-4bf1-a499-41a982360fc5-127x200.jpeg","contentUrl":"https:\/\/immigrantquebec.com\/fr\/wp-content\/uploads\/2022\/01\/854dcecd-cb0f-4bf1-a499-41a982360fc5-127x200.jpeg"},{"@type":"BreadcrumbList","@id":"https:\/\/immigrantquebec.com\/fr\/guides\/entreprendre-au-quebec\/#breadcrumb","itemListElement":[{"@type":"ListItem","position":1,"name":"Accueil","item":"https:\/\/immigrantquebec.com\/fr\/"},{"@type":"ListItem","position":2,"name":"Guides","item":"https:\/\/immigrantquebec.com\/fr\/guides\/"},{"@type":"ListItem","position":3,"name":"Entreprendre au Qu\u00e9bec"}]},{"@type":"WebSite","@id":"https:\/\/immigrantquebec.com\/fr\/#website","url":"https:\/\/immigrantquebec.com\/fr\/","name":"Immigrant Qu\u00e9bec","description":"Immigrer, vivre, travailler et \u00e9tudier au Qu\u00e9bec, Canada","publisher":{"@id":"https:\/\/immigrantquebec.com\/fr\/#organization"},"potentialAction":[{"@type":"SearchAction","target":{"@type":"EntryPoint","urlTemplate":"https:\/\/immigrantquebec.com\/fr\/?s={search_term_string}"},"query-input":{"@type":"PropertyValueSpecification","valueRequired":true,"valueName":"search_term_string"}}],"inLanguage":"fr-FR"},{"@type":"Organization","@id":"https:\/\/immigrantquebec.com\/fr\/#organization","name":"Immigrant Qu\u00e9bec","url":"https:\/\/immigrantquebec.com\/fr\/","logo":{"@type":"ImageObject","inLanguage":"fr-FR","@id":"https:\/\/immigrantquebec.com\/fr\/#\/schema\/logo\/image\/","url":"https:\/\/immigrantquebec.com\/fr\/wp-content\/uploads\/2024\/03\/LogoIQ-2024-RVB.png","contentUrl":"https:\/\/immigrantquebec.com\/fr\/wp-content\/uploads\/2024\/03\/LogoIQ-2024-RVB.png","width":2500,"height":1137,"caption":"Immigrant Qu\u00e9bec"},"image":{"@id":"https:\/\/immigrantquebec.com\/fr\/#\/schema\/logo\/image\/"},"sameAs":["https:\/\/www.facebook.com\/immigrantquebec","https:\/\/x.com\/ImmigrantQuebec","https:\/\/www.instagram.com\/immigrantquebec","https:\/\/www.youtube.com\/user\/ImmigrantQc"]}]}},"_links":{"self":[{"href":"https:\/\/immigrantquebec.com\/fr\/wp-json\/wp\/v2\/pages\/9772","targetHints":{"allow":["GET"]}}],"collection":[{"href":"https:\/\/immigrantquebec.com\/fr\/wp-json\/wp\/v2\/pages"}],"about":[{"href":"https:\/\/immigrantquebec.com\/fr\/wp-json\/wp\/v2\/types\/page"}],"author":[{"embeddable":true,"href":"https:\/\/immigrantquebec.com\/fr\/wp-json\/wp\/v2\/users\/3459"}],"replies":[{"embeddable":true,"href":"https:\/\/immigrantquebec.com\/fr\/wp-json\/wp\/v2\/comments?post=9772"}],"version-history":[{"count":0,"href":"https:\/\/immigrantquebec.com\/fr\/wp-json\/wp\/v2\/pages\/9772\/revisions"}],"up":[{"embeddable":true,"href":"https:\/\/immigrantquebec.com\/fr\/wp-json\/wp\/v2\/pages\/9558"}],"wp:attachment":[{"href":"https:\/\/immigrantquebec.com\/fr\/wp-json\/wp\/v2\/media?parent=9772"}],"curies":[{"name":"wp","href":"https:\/\/api.w.org\/{rel}","templated":true}]}}