{"id":9773,"date":"2022-02-15T16:03:20","date_gmt":"2022-02-15T20:03:20","guid":{"rendered":"https:\/\/immigrantquebec.com\/?page_id=9773"},"modified":"2022-02-22T16:17:26","modified_gmt":"2022-02-22T20:17:26","slug":"vivir-en-quebec-y-sus-alrededores","status":"publish","type":"page","link":"https:\/\/immigrantquebec.com\/fr\/guides\/vivir-en-quebec-y-sus-alrededores\/","title":{"rendered":"Vivir en Qu\u00e9bec y sus alrededores"},"content":{"rendered":"<p><img decoding=\"async\" src=\"https:\/\/immigrantquebec.com\/fr\/wp-content\/uploads\/2022\/02\/Vivir-Esp-couv.jpg\" alt=\"\" width=\"297\" height=\u00ab 467\" class=\"size-medium wp-image-8960 alignleft\" \/><\/p>\n<p align=\"justify\">Una ciudad del futuro con muchos atractivos, la ciudad de Quebec y sus alrededores cada a\u00f1o atraen inmigrantes de todo el mundo. Si est\u00e1 buscando una ciudad a escala humana que ofrezca una calidad de vida extraordinaria y ofertas de empleo prometedoras, Quebec y sus alrededores lo van a conquistar. Los amantes de la naturaleza desear\u00e1n explorar y dejar sus maletas en Charlevoix, Portneuf o en Chaudi\u00e8re-Appalaches.<\/p>\n<p align=\"justify\">La nueva gu\u00eda <em>Vivir en Quebec y sus alrededores<\/em>, publicada en conjunto con Qu\u00e9bec International, est\u00e1 disponible en franc\u00e9s, ingl\u00e9s, portugu\u00e9s y espa\u00f1ol y, es la herramienta indispensable para su mudanza a la regi\u00f3n. No s\u00f3lo incluye datos importantes para trabajar, emprender y estudiar, sino que tambi\u00e9n cuenta con informaci\u00f3n esencial para que usted prepare bien su partida y no tenga problemas a su llegada.<\/p>\n<p align=\"justify\">Como el proceso de inmigraci\u00f3n rara vez es f\u00e1cil, la gu\u00eda incluye testimonios de inmigrantes que comentan sus experiencias de trabajo, de estudios y de mudanza familiar. Una vez instalado, usted no estar\u00e1 solo, tendr\u00e1 la opci\u00f3n de conocer a otros inmigrantes y de recibir asesor\u00eda de parte de varios organismos de acogida que estar\u00e1n a su disposici\u00f3n para ayudarle en todo lo que necesite.<\/p>\n<p>Resumen de la gu\u00eda:<\/p>\n<ul>\n<li lang=\"en-ESP\">Bienvenido a Quebec<\/li>\n<li lang=\"en-ESP\">Vivir en los alrededores de Quebec<\/li>\n<li lang=\"en-ESP\">Bienvenido a Chaudi\u00e8re-Appalaches<\/li>\n<\/ul>\n<p>\u00a1Feliz mudanza a Quebec y sus alrededores!<\/p>\n<div class=\"_form_33\"><\/div>\n<p><script src=\"https:\/\/immigrantquebec.activehosted.com\/f\/embed.php?id=33\" type=\"text\/javascript\" charset=\"utf-8\"><\/script><\/p>\n<p><a href=\"https:\/\/immigrantquebec.com\/fr\/guides\"><br \/>\n<input type=\"button\" value=\"Volver a la p\u00e1gina de gu\u00edas\"><br \/>\n<\/a><\/p>\n","protected":false},"excerpt":{"rendered":"","protected":false},"author":3459,"featured_media":0,"parent":9558,"menu_order":0,"comment_status":"closed","ping_status":"closed","template":"","meta":{"_acf_changed":false,"_genesis_hide_title":false,"_genesis_hide_breadcrumbs":false,"_genesis_hide_singular_image":false,"_genesis_hide_footer_widgets":false,"_genesis_custom_body_class":"","_genesis_custom_post_class":"","_genesis_layout":"","footnotes":""},"class_list":{"0":"post-9773","1":"page","2":"type-page","3":"status-publish","5":"entry"},"acf":[],"yoast_head":"<!-- This site is optimized with the Yoast SEO plugin v27.4 - https:\/\/yoast.com\/product\/yoast-seo-wordpress\/ -->\n<title>Vivir en Qu\u00e9bec y sus alrededores - Immigrant Qu\u00e9bec<\/title>\n<meta name=\"robots\" content=\"index, follow, max-snippet:-1, max-image-preview:large, max-video-preview:-1\" \/>\n<link rel=\"canonical\" href=\"https:\/\/immigrantquebec.com\/fr\/guides\/vivir-en-quebec-y-sus-alrededores\/\" \/>\n<meta property=\"og:locale\" content=\"fr_FR\" \/>\n<meta property=\"og:type\" content=\"article\" \/>\n<meta property=\"og:title\" content=\"Vivir en Qu\u00e9bec y sus alrededores - Immigrant Qu\u00e9bec\" \/>\n<meta property=\"og:url\" content=\"https:\/\/immigrantquebec.com\/fr\/guides\/vivir-en-quebec-y-sus-alrededores\/\" \/>\n<meta property=\"og:site_name\" content=\"Immigrant Qu\u00e9bec\" \/>\n<meta property=\"article:publisher\" content=\"https:\/\/www.facebook.com\/immigrantquebec\" \/>\n<meta property=\"article:modified_time\" content=\"2022-02-22T20:17:26+00:00\" \/>\n<meta property=\"og:image\" content=\"https:\/\/immigrantquebec.com\/fr\/wp-content\/uploads\/2022\/02\/Vivir-Esp-couv.jpg\" \/>\n<script type=\"application\/ld+json\" class=\"yoast-schema-graph\">{\"@context\":\"https:\\\/\\\/schema.org\",\"@graph\":[{\"@type\":\"WebPage\",\"@id\":\"https:\\\/\\\/immigrantquebec.com\\\/fr\\\/guides\\\/vivir-en-quebec-y-sus-alrededores\\\/\",\"url\":\"https:\\\/\\\/immigrantquebec.com\\\/fr\\\/guides\\\/vivir-en-quebec-y-sus-alrededores\\\/\",\"name\":\"Vivir en Qu\u00e9bec y sus alrededores - Immigrant Qu\u00e9bec\",\"isPartOf\":{\"@id\":\"https:\\\/\\\/immigrantquebec.com\\\/fr\\\/#website\"},\"primaryImageOfPage\":{\"@id\":\"https:\\\/\\\/immigrantquebec.com\\\/fr\\\/guides\\\/vivir-en-quebec-y-sus-alrededores\\\/#primaryimage\"},\"image\":{\"@id\":\"https:\\\/\\\/immigrantquebec.com\\\/fr\\\/guides\\\/vivir-en-quebec-y-sus-alrededores\\\/#primaryimage\"},\"thumbnailUrl\":\"https:\\\/\\\/immigrantquebec.com\\\/fr\\\/wp-content\\\/uploads\\\/2022\\\/02\\\/Vivir-Esp-couv.jpg\",\"datePublished\":\"2022-02-15T20:03:20+00:00\",\"dateModified\":\"2022-02-22T20:17:26+00:00\",\"breadcrumb\":{\"@id\":\"https:\\\/\\\/immigrantquebec.com\\\/fr\\\/guides\\\/vivir-en-quebec-y-sus-alrededores\\\/#breadcrumb\"},\"inLanguage\":\"fr-FR\",\"potentialAction\":[{\"@type\":\"ReadAction\",\"target\":[\"https:\\\/\\\/immigrantquebec.com\\\/fr\\\/guides\\\/vivir-en-quebec-y-sus-alrededores\\\/\"]}]},{\"@type\":\"ImageObject\",\"inLanguage\":\"fr-FR\",\"@id\":\"https:\\\/\\\/immigrantquebec.com\\\/fr\\\/guides\\\/vivir-en-quebec-y-sus-alrededores\\\/#primaryimage\",\"url\":\"https:\\\/\\\/immigrantquebec.com\\\/fr\\\/wp-content\\\/uploads\\\/2022\\\/02\\\/Vivir-Esp-couv.jpg\",\"contentUrl\":\"https:\\\/\\\/immigrantquebec.com\\\/fr\\\/wp-content\\\/uploads\\\/2022\\\/02\\\/Vivir-Esp-couv.jpg\",\"width\":1240,\"height\":1948},{\"@type\":\"BreadcrumbList\",\"@id\":\"https:\\\/\\\/immigrantquebec.com\\\/fr\\\/guides\\\/vivir-en-quebec-y-sus-alrededores\\\/#breadcrumb\",\"itemListElement\":[{\"@type\":\"ListItem\",\"position\":1,\"name\":\"Accueil\",\"item\":\"https:\\\/\\\/immigrantquebec.com\\\/fr\\\/\"},{\"@type\":\"ListItem\",\"position\":2,\"name\":\"Guides\",\"item\":\"https:\\\/\\\/immigrantquebec.com\\\/fr\\\/guides\\\/\"},{\"@type\":\"ListItem\",\"position\":3,\"name\":\"Vivir en Qu\u00e9bec y sus alrededores\"}]},{\"@type\":\"WebSite\",\"@id\":\"https:\\\/\\\/immigrantquebec.com\\\/fr\\\/#website\",\"url\":\"https:\\\/\\\/immigrantquebec.com\\\/fr\\\/\",\"name\":\"Immigrant Qu\u00e9bec\",\"description\":\"Immigrer, vivre, travailler et \u00e9tudier au Qu\u00e9bec, Canada\",\"publisher\":{\"@id\":\"https:\\\/\\\/immigrantquebec.com\\\/fr\\\/#organization\"},\"potentialAction\":[{\"@type\":\"SearchAction\",\"target\":{\"@type\":\"EntryPoint\",\"urlTemplate\":\"https:\\\/\\\/immigrantquebec.com\\\/fr\\\/?s={search_term_string}\"},\"query-input\":{\"@type\":\"PropertyValueSpecification\",\"valueRequired\":true,\"valueName\":\"search_term_string\"}}],\"inLanguage\":\"fr-FR\"},{\"@type\":\"Organization\",\"@id\":\"https:\\\/\\\/immigrantquebec.com\\\/fr\\\/#organization\",\"name\":\"Immigrant Qu\u00e9bec\",\"url\":\"https:\\\/\\\/immigrantquebec.com\\\/fr\\\/\",\"logo\":{\"@type\":\"ImageObject\",\"inLanguage\":\"fr-FR\",\"@id\":\"https:\\\/\\\/immigrantquebec.com\\\/fr\\\/#\\\/schema\\\/logo\\\/image\\\/\",\"url\":\"https:\\\/\\\/immigrantquebec.com\\\/fr\\\/wp-content\\\/uploads\\\/2024\\\/03\\\/LogoIQ-2024-RVB.png\",\"contentUrl\":\"https:\\\/\\\/immigrantquebec.com\\\/fr\\\/wp-content\\\/uploads\\\/2024\\\/03\\\/LogoIQ-2024-RVB.png\",\"width\":2500,\"height\":1137,\"caption\":\"Immigrant Qu\u00e9bec\"},\"image\":{\"@id\":\"https:\\\/\\\/immigrantquebec.com\\\/fr\\\/#\\\/schema\\\/logo\\\/image\\\/\"},\"sameAs\":[\"https:\\\/\\\/www.facebook.com\\\/immigrantquebec\",\"https:\\\/\\\/x.com\\\/ImmigrantQuebec\",\"https:\\\/\\\/www.instagram.com\\\/immigrantquebec\",\"https:\\\/\\\/www.youtube.com\\\/user\\\/ImmigrantQc\"]}]}<\/script>\n<!-- \/ Yoast SEO plugin. -->","yoast_head_json":{"title":"Vivir en Qu\u00e9bec y sus alrededores - Immigrant Qu\u00e9bec","robots":{"index":"index","follow":"follow","max-snippet":"max-snippet:-1","max-image-preview":"max-image-preview:large","max-video-preview":"max-video-preview:-1"},"canonical":"https:\/\/immigrantquebec.com\/fr\/guides\/vivir-en-quebec-y-sus-alrededores\/","og_locale":"fr_FR","og_type":"article","og_title":"Vivir en Qu\u00e9bec y sus alrededores - Immigrant Qu\u00e9bec","og_url":"https:\/\/immigrantquebec.com\/fr\/guides\/vivir-en-quebec-y-sus-alrededores\/","og_site_name":"Immigrant Qu\u00e9bec","article_publisher":"https:\/\/www.facebook.com\/immigrantquebec","article_modified_time":"2022-02-22T20:17:26+00:00","og_image":[{"url":"https:\/\/immigrantquebec.com\/fr\/wp-content\/uploads\/2022\/02\/Vivir-Esp-couv.jpg","type":"","width":"","height":""}],"schema":{"@context":"https:\/\/schema.org","@graph":[{"@type":"WebPage","@id":"https:\/\/immigrantquebec.com\/fr\/guides\/vivir-en-quebec-y-sus-alrededores\/","url":"https:\/\/immigrantquebec.com\/fr\/guides\/vivir-en-quebec-y-sus-alrededores\/","name":"Vivir en Qu\u00e9bec y sus alrededores - Immigrant Qu\u00e9bec","isPartOf":{"@id":"https:\/\/immigrantquebec.com\/fr\/#website"},"primaryImageOfPage":{"@id":"https:\/\/immigrantquebec.com\/fr\/guides\/vivir-en-quebec-y-sus-alrededores\/#primaryimage"},"image":{"@id":"https:\/\/immigrantquebec.com\/fr\/guides\/vivir-en-quebec-y-sus-alrededores\/#primaryimage"},"thumbnailUrl":"https:\/\/immigrantquebec.com\/fr\/wp-content\/uploads\/2022\/02\/Vivir-Esp-couv.jpg","datePublished":"2022-02-15T20:03:20+00:00","dateModified":"2022-02-22T20:17:26+00:00","breadcrumb":{"@id":"https:\/\/immigrantquebec.com\/fr\/guides\/vivir-en-quebec-y-sus-alrededores\/#breadcrumb"},"inLanguage":"fr-FR","potentialAction":[{"@type":"ReadAction","target":["https:\/\/immigrantquebec.com\/fr\/guides\/vivir-en-quebec-y-sus-alrededores\/"]}]},{"@type":"ImageObject","inLanguage":"fr-FR","@id":"https:\/\/immigrantquebec.com\/fr\/guides\/vivir-en-quebec-y-sus-alrededores\/#primaryimage","url":"https:\/\/immigrantquebec.com\/fr\/wp-content\/uploads\/2022\/02\/Vivir-Esp-couv.jpg","contentUrl":"https:\/\/immigrantquebec.com\/fr\/wp-content\/uploads\/2022\/02\/Vivir-Esp-couv.jpg","width":1240,"height":1948},{"@type":"BreadcrumbList","@id":"https:\/\/immigrantquebec.com\/fr\/guides\/vivir-en-quebec-y-sus-alrededores\/#breadcrumb","itemListElement":[{"@type":"ListItem","position":1,"name":"Accueil","item":"https:\/\/immigrantquebec.com\/fr\/"},{"@type":"ListItem","position":2,"name":"Guides","item":"https:\/\/immigrantquebec.com\/fr\/guides\/"},{"@type":"ListItem","position":3,"name":"Vivir en Qu\u00e9bec y sus alrededores"}]},{"@type":"WebSite","@id":"https:\/\/immigrantquebec.com\/fr\/#website","url":"https:\/\/immigrantquebec.com\/fr\/","name":"Immigrant Qu\u00e9bec","description":"Immigrer, vivre, travailler et \u00e9tudier au Qu\u00e9bec, Canada","publisher":{"@id":"https:\/\/immigrantquebec.com\/fr\/#organization"},"potentialAction":[{"@type":"SearchAction","target":{"@type":"EntryPoint","urlTemplate":"https:\/\/immigrantquebec.com\/fr\/?s={search_term_string}"},"query-input":{"@type":"PropertyValueSpecification","valueRequired":true,"valueName":"search_term_string"}}],"inLanguage":"fr-FR"},{"@type":"Organization","@id":"https:\/\/immigrantquebec.com\/fr\/#organization","name":"Immigrant Qu\u00e9bec","url":"https:\/\/immigrantquebec.com\/fr\/","logo":{"@type":"ImageObject","inLanguage":"fr-FR","@id":"https:\/\/immigrantquebec.com\/fr\/#\/schema\/logo\/image\/","url":"https:\/\/immigrantquebec.com\/fr\/wp-content\/uploads\/2024\/03\/LogoIQ-2024-RVB.png","contentUrl":"https:\/\/immigrantquebec.com\/fr\/wp-content\/uploads\/2024\/03\/LogoIQ-2024-RVB.png","width":2500,"height":1137,"caption":"Immigrant Qu\u00e9bec"},"image":{"@id":"https:\/\/immigrantquebec.com\/fr\/#\/schema\/logo\/image\/"},"sameAs":["https:\/\/www.facebook.com\/immigrantquebec","https:\/\/x.com\/ImmigrantQuebec","https:\/\/www.instagram.com\/immigrantquebec","https:\/\/www.youtube.com\/user\/ImmigrantQc"]}]}},"_links":{"self":[{"href":"https:\/\/immigrantquebec.com\/fr\/wp-json\/wp\/v2\/pages\/9773","targetHints":{"allow":["GET"]}}],"collection":[{"href":"https:\/\/immigrantquebec.com\/fr\/wp-json\/wp\/v2\/pages"}],"about":[{"href":"https:\/\/immigrantquebec.com\/fr\/wp-json\/wp\/v2\/types\/page"}],"author":[{"embeddable":true,"href":"https:\/\/immigrantquebec.com\/fr\/wp-json\/wp\/v2\/users\/3459"}],"replies":[{"embeddable":true,"href":"https:\/\/immigrantquebec.com\/fr\/wp-json\/wp\/v2\/comments?post=9773"}],"version-history":[{"count":0,"href":"https:\/\/immigrantquebec.com\/fr\/wp-json\/wp\/v2\/pages\/9773\/revisions"}],"up":[{"embeddable":true,"href":"https:\/\/immigrantquebec.com\/fr\/wp-json\/wp\/v2\/pages\/9558"}],"wp:attachment":[{"href":"https:\/\/immigrantquebec.com\/fr\/wp-json\/wp\/v2\/media?parent=9773"}],"curies":[{"name":"wp","href":"https:\/\/api.w.org\/{rel}","templated":true}]}}