{"id":9775,"date":"2022-02-15T16:03:40","date_gmt":"2022-02-15T20:03:40","guid":{"rendered":"https:\/\/immigrantquebec.com\/?page_id=9775"},"modified":"2022-02-22T16:35:49","modified_gmt":"2022-02-22T20:35:49","slug":"viver-na-cidade-de-quebec","status":"publish","type":"page","link":"https:\/\/immigrantquebec.com\/fr\/guides\/viver-na-cidade-de-quebec\/","title":{"rendered":"Viver na cidade de Qu\u00e9bec"},"content":{"rendered":"<p lang=\"pt-BR\"><img fetchpriority=\"high\" decoding=\"async\" src=\"https:\/\/immigrantquebec.com\/fr\/wp-content\/uploads\/2022\/02\/GUIDE-QUE\u0301BEC-PORT-2020-couv.jpg\" alt=\"\" width=\"297\" height=\"467\" class=\"alignleft wp-image-9597\" srcset=\"https:\/\/immigrantquebec.com\/fr\/wp-content\/uploads\/2022\/02\/GUIDE-QUE\u0301BEC-PORT-2020-couv.jpg 1240w, https:\/\/immigrantquebec.com\/fr\/wp-content\/uploads\/2022\/02\/GUIDE-QUE\u0301BEC-PORT-2020-couv-127x200.jpg 127w, https:\/\/immigrantquebec.com\/fr\/wp-content\/uploads\/2022\/02\/GUIDE-QUE\u0301BEC-PORT-2020-couv-652x1024.jpg 652w, https:\/\/immigrantquebec.com\/fr\/wp-content\/uploads\/2022\/02\/GUIDE-QUE\u0301BEC-PORT-2020-couv-768x1207.jpg 768w, https:\/\/immigrantquebec.com\/fr\/wp-content\/uploads\/2022\/02\/GUIDE-QUE\u0301BEC-PORT-2020-couv-978x1536.jpg 978w\" sizes=\"(max-width: 297px) 100vw, 297px\" \/><\/p>\n<p align=\"justify\">Cidade do futuro, com m\u00faltiplos atrativos, Qu\u00e9bec e os seus arredores atraem ano ap\u00f3s ano imigrantes do mundo inteiro. Se estiver em busca de uma cidade que d\u00ea \u00eanfase ao aspecto humano, ofere\u00e7a excelente qualidade de vida e perspectivas de trabalho promissoras, voc\u00ea ficar\u00e1 encantado com Qu\u00e9bec e toda a regi\u00e3o circundante. Quanto aos amantes da natureza, eles apreciar\u00e3o explorar e fincar ra\u00edzes em Charlevoix, Portneuf ou em Chaudi\u00e8re-Appalaches.<\/p>\n<p lang=\"pt-BR\">O novo guia Viver em Qu\u00e9bec e arredores, publicado em parceria com a Qu\u00e9bec International, dispon\u00edvel em franc\u00eas, ingl\u00eas e portugu\u00eas, \u00e9 a ferramenta indispens\u00e1vel para quem queira se instalar na regi\u00e3o. Nele, voc\u00ea encontrar\u00e1 orienta\u00e7\u00f5es para fins profissionais, de empreendedorismo e estudos, al\u00e9m de informa\u00e7\u00f5es essenciais para preparar a sua viagem da forma correta e chegar a Qu\u00e9bec sem empecilhos.<\/p>\n<p lang=\"pt-BR\">Como imigrar n\u00e3o \u00e9 exatamente um processo t\u00e3o tranquilo, neste guia apresentamos testemunhos de imigrantes relatando a sua experi\u00eancia de trabalho ou estudos e em sua instala\u00e7\u00e3o em Qu\u00e9bec com os familiares. Ap\u00f3s a sua chegada ao pa\u00eds, n\u00e3o h\u00e1 risco de desamparo ou isolamento, n\u00e3o hesite em se encontrar com outros imigrantes e solicitar conselhos aos diversos organismos de acolhida colocados \u00e0 sua disposi\u00e7\u00e3o para lhe ajudar.<\/p>\n<p lang=\"pt-BR\">\u00cdndice deste guia :<\/p>\n<ul>\n<li lang=\"pt-BR\">Boas-vindas a Qu\u00e9bec<\/li>\n<li lang=\"pt-BR\">Viver nos arredores de Qu\u00e9bec<\/li>\n<li lang=\"pt-BR\">Boas-vindas a Chaudi\u00e8re-Appalaches<\/li>\n<\/ul>\n<p lang=\"pt-BR\">Boa instala\u00e7\u00e3o em Qu\u00e9bec e arredores!<\/p>\n<div class=\"_form_37\"><\/div>\n<p><script src=\"https:\/\/immigrantquebec.activehosted.com\/f\/embed.php?id=37\" type=\"text\/javascript\" charset=\"utf-8\"><\/script><\/p>\n<p><a href=\"https:\/\/immigrantquebec.com\/fr\/guides\"><br \/>\n<input type=\"button\" value=\"Voltar\" \/><br \/>\n<\/a><\/p>\n","protected":false},"excerpt":{"rendered":"<p>Cidade do futuro, com m\u00faltiplos atrativos, Qu\u00e9bec e os seus arredores atraem ano ap\u00f3s ano imigrantes do mundo inteiro. Se estiver em busca de uma cidade que d\u00ea \u00eanfase ao aspecto humano, ofere\u00e7a excelente qualidade de vida e perspectivas de trabalho promissoras, voc\u00ea ficar\u00e1 encantado com Qu\u00e9bec e toda a regi\u00e3o circundante. Quanto aos amantes [&hellip;]<\/p>\n","protected":false},"author":3459,"featured_media":0,"parent":9558,"menu_order":0,"comment_status":"closed","ping_status":"closed","template":"","meta":{"_acf_changed":false,"_genesis_hide_title":false,"_genesis_hide_breadcrumbs":false,"_genesis_hide_singular_image":false,"_genesis_hide_footer_widgets":false,"_genesis_custom_body_class":"","_genesis_custom_post_class":"","_genesis_layout":"","footnotes":""},"class_list":{"0":"post-9775","1":"page","2":"type-page","3":"status-publish","5":"entry"},"acf":[],"yoast_head":"<!-- This site is optimized with the Yoast SEO plugin v27.4 - https:\/\/yoast.com\/product\/yoast-seo-wordpress\/ -->\n<title>Viver na cidade de Qu\u00e9bec - Immigrant Qu\u00e9bec<\/title>\n<meta name=\"robots\" content=\"index, follow, max-snippet:-1, max-image-preview:large, max-video-preview:-1\" \/>\n<link rel=\"canonical\" href=\"https:\/\/immigrantquebec.com\/fr\/guides\/viver-na-cidade-de-quebec\/\" \/>\n<meta property=\"og:locale\" content=\"fr_FR\" \/>\n<meta property=\"og:type\" content=\"article\" \/>\n<meta property=\"og:title\" content=\"Viver na cidade de Qu\u00e9bec - Immigrant Qu\u00e9bec\" \/>\n<meta property=\"og:description\" content=\"Cidade do futuro, com m\u00faltiplos atrativos, Qu\u00e9bec e os seus arredores atraem ano ap\u00f3s ano imigrantes do mundo inteiro. Se estiver em busca de uma cidade que d\u00ea \u00eanfase ao aspecto humano, ofere\u00e7a excelente qualidade de vida e perspectivas de trabalho promissoras, voc\u00ea ficar\u00e1 encantado com Qu\u00e9bec e toda a regi\u00e3o circundante. Quanto aos amantes [&hellip;]\" \/>\n<meta property=\"og:url\" content=\"https:\/\/immigrantquebec.com\/fr\/guides\/viver-na-cidade-de-quebec\/\" \/>\n<meta property=\"og:site_name\" content=\"Immigrant Qu\u00e9bec\" \/>\n<meta property=\"article:publisher\" content=\"https:\/\/www.facebook.com\/immigrantquebec\" \/>\n<meta property=\"article:modified_time\" content=\"2022-02-22T20:35:49+00:00\" \/>\n<meta property=\"og:image\" content=\"https:\/\/immigrantquebec.com\/fr\/wp-content\/uploads\/2022\/02\/GUIDE-QUE\u0301BEC-PORT-2020-couv.jpg\" \/>\n<meta name=\"twitter:label1\" content=\"Dur\u00e9e de lecture estim\u00e9e\" \/>\n\t<meta name=\"twitter:data1\" content=\"1 minute\" \/>\n<script type=\"application\/ld+json\" class=\"yoast-schema-graph\">{\"@context\":\"https:\\\/\\\/schema.org\",\"@graph\":[{\"@type\":\"WebPage\",\"@id\":\"https:\\\/\\\/immigrantquebec.com\\\/fr\\\/guides\\\/viver-na-cidade-de-quebec\\\/\",\"url\":\"https:\\\/\\\/immigrantquebec.com\\\/fr\\\/guides\\\/viver-na-cidade-de-quebec\\\/\",\"name\":\"Viver na cidade de Qu\u00e9bec - Immigrant Qu\u00e9bec\",\"isPartOf\":{\"@id\":\"https:\\\/\\\/immigrantquebec.com\\\/fr\\\/#website\"},\"datePublished\":\"2022-02-15T20:03:40+00:00\",\"dateModified\":\"2022-02-22T20:35:49+00:00\",\"breadcrumb\":{\"@id\":\"https:\\\/\\\/immigrantquebec.com\\\/fr\\\/guides\\\/viver-na-cidade-de-quebec\\\/#breadcrumb\"},\"inLanguage\":\"fr-FR\",\"potentialAction\":[{\"@type\":\"ReadAction\",\"target\":[\"https:\\\/\\\/immigrantquebec.com\\\/fr\\\/guides\\\/viver-na-cidade-de-quebec\\\/\"]}]},{\"@type\":\"BreadcrumbList\",\"@id\":\"https:\\\/\\\/immigrantquebec.com\\\/fr\\\/guides\\\/viver-na-cidade-de-quebec\\\/#breadcrumb\",\"itemListElement\":[{\"@type\":\"ListItem\",\"position\":1,\"name\":\"Accueil\",\"item\":\"https:\\\/\\\/immigrantquebec.com\\\/fr\\\/\"},{\"@type\":\"ListItem\",\"position\":2,\"name\":\"Guides\",\"item\":\"https:\\\/\\\/immigrantquebec.com\\\/fr\\\/guides\\\/\"},{\"@type\":\"ListItem\",\"position\":3,\"name\":\"Viver na cidade de Qu\u00e9bec\"}]},{\"@type\":\"WebSite\",\"@id\":\"https:\\\/\\\/immigrantquebec.com\\\/fr\\\/#website\",\"url\":\"https:\\\/\\\/immigrantquebec.com\\\/fr\\\/\",\"name\":\"Immigrant Qu\u00e9bec\",\"description\":\"Immigrer, vivre, travailler et \u00e9tudier au Qu\u00e9bec, Canada\",\"publisher\":{\"@id\":\"https:\\\/\\\/immigrantquebec.com\\\/fr\\\/#organization\"},\"potentialAction\":[{\"@type\":\"SearchAction\",\"target\":{\"@type\":\"EntryPoint\",\"urlTemplate\":\"https:\\\/\\\/immigrantquebec.com\\\/fr\\\/?s={search_term_string}\"},\"query-input\":{\"@type\":\"PropertyValueSpecification\",\"valueRequired\":true,\"valueName\":\"search_term_string\"}}],\"inLanguage\":\"fr-FR\"},{\"@type\":\"Organization\",\"@id\":\"https:\\\/\\\/immigrantquebec.com\\\/fr\\\/#organization\",\"name\":\"Immigrant Qu\u00e9bec\",\"url\":\"https:\\\/\\\/immigrantquebec.com\\\/fr\\\/\",\"logo\":{\"@type\":\"ImageObject\",\"inLanguage\":\"fr-FR\",\"@id\":\"https:\\\/\\\/immigrantquebec.com\\\/fr\\\/#\\\/schema\\\/logo\\\/image\\\/\",\"url\":\"https:\\\/\\\/immigrantquebec.com\\\/fr\\\/wp-content\\\/uploads\\\/2024\\\/03\\\/LogoIQ-2024-RVB.png\",\"contentUrl\":\"https:\\\/\\\/immigrantquebec.com\\\/fr\\\/wp-content\\\/uploads\\\/2024\\\/03\\\/LogoIQ-2024-RVB.png\",\"width\":2500,\"height\":1137,\"caption\":\"Immigrant Qu\u00e9bec\"},\"image\":{\"@id\":\"https:\\\/\\\/immigrantquebec.com\\\/fr\\\/#\\\/schema\\\/logo\\\/image\\\/\"},\"sameAs\":[\"https:\\\/\\\/www.facebook.com\\\/immigrantquebec\",\"https:\\\/\\\/x.com\\\/ImmigrantQuebec\",\"https:\\\/\\\/www.instagram.com\\\/immigrantquebec\",\"https:\\\/\\\/www.youtube.com\\\/user\\\/ImmigrantQc\"]}]}<\/script>\n<!-- \/ Yoast SEO plugin. -->","yoast_head_json":{"title":"Viver na cidade de Qu\u00e9bec - Immigrant Qu\u00e9bec","robots":{"index":"index","follow":"follow","max-snippet":"max-snippet:-1","max-image-preview":"max-image-preview:large","max-video-preview":"max-video-preview:-1"},"canonical":"https:\/\/immigrantquebec.com\/fr\/guides\/viver-na-cidade-de-quebec\/","og_locale":"fr_FR","og_type":"article","og_title":"Viver na cidade de Qu\u00e9bec - Immigrant Qu\u00e9bec","og_description":"Cidade do futuro, com m\u00faltiplos atrativos, Qu\u00e9bec e os seus arredores atraem ano ap\u00f3s ano imigrantes do mundo inteiro. Se estiver em busca de uma cidade que d\u00ea \u00eanfase ao aspecto humano, ofere\u00e7a excelente qualidade de vida e perspectivas de trabalho promissoras, voc\u00ea ficar\u00e1 encantado com Qu\u00e9bec e toda a regi\u00e3o circundante. Quanto aos amantes [&hellip;]","og_url":"https:\/\/immigrantquebec.com\/fr\/guides\/viver-na-cidade-de-quebec\/","og_site_name":"Immigrant Qu\u00e9bec","article_publisher":"https:\/\/www.facebook.com\/immigrantquebec","article_modified_time":"2022-02-22T20:35:49+00:00","og_image":[{"url":"https:\/\/immigrantquebec.com\/fr\/wp-content\/uploads\/2022\/02\/GUIDE-QUE\u0301BEC-PORT-2020-couv.jpg","type":"","width":"","height":""}],"twitter_misc":{"Dur\u00e9e de lecture estim\u00e9e":"1 minute"},"schema":{"@context":"https:\/\/schema.org","@graph":[{"@type":"WebPage","@id":"https:\/\/immigrantquebec.com\/fr\/guides\/viver-na-cidade-de-quebec\/","url":"https:\/\/immigrantquebec.com\/fr\/guides\/viver-na-cidade-de-quebec\/","name":"Viver na cidade de Qu\u00e9bec - Immigrant Qu\u00e9bec","isPartOf":{"@id":"https:\/\/immigrantquebec.com\/fr\/#website"},"datePublished":"2022-02-15T20:03:40+00:00","dateModified":"2022-02-22T20:35:49+00:00","breadcrumb":{"@id":"https:\/\/immigrantquebec.com\/fr\/guides\/viver-na-cidade-de-quebec\/#breadcrumb"},"inLanguage":"fr-FR","potentialAction":[{"@type":"ReadAction","target":["https:\/\/immigrantquebec.com\/fr\/guides\/viver-na-cidade-de-quebec\/"]}]},{"@type":"BreadcrumbList","@id":"https:\/\/immigrantquebec.com\/fr\/guides\/viver-na-cidade-de-quebec\/#breadcrumb","itemListElement":[{"@type":"ListItem","position":1,"name":"Accueil","item":"https:\/\/immigrantquebec.com\/fr\/"},{"@type":"ListItem","position":2,"name":"Guides","item":"https:\/\/immigrantquebec.com\/fr\/guides\/"},{"@type":"ListItem","position":3,"name":"Viver na cidade de Qu\u00e9bec"}]},{"@type":"WebSite","@id":"https:\/\/immigrantquebec.com\/fr\/#website","url":"https:\/\/immigrantquebec.com\/fr\/","name":"Immigrant Qu\u00e9bec","description":"Immigrer, vivre, travailler et \u00e9tudier au Qu\u00e9bec, Canada","publisher":{"@id":"https:\/\/immigrantquebec.com\/fr\/#organization"},"potentialAction":[{"@type":"SearchAction","target":{"@type":"EntryPoint","urlTemplate":"https:\/\/immigrantquebec.com\/fr\/?s={search_term_string}"},"query-input":{"@type":"PropertyValueSpecification","valueRequired":true,"valueName":"search_term_string"}}],"inLanguage":"fr-FR"},{"@type":"Organization","@id":"https:\/\/immigrantquebec.com\/fr\/#organization","name":"Immigrant Qu\u00e9bec","url":"https:\/\/immigrantquebec.com\/fr\/","logo":{"@type":"ImageObject","inLanguage":"fr-FR","@id":"https:\/\/immigrantquebec.com\/fr\/#\/schema\/logo\/image\/","url":"https:\/\/immigrantquebec.com\/fr\/wp-content\/uploads\/2024\/03\/LogoIQ-2024-RVB.png","contentUrl":"https:\/\/immigrantquebec.com\/fr\/wp-content\/uploads\/2024\/03\/LogoIQ-2024-RVB.png","width":2500,"height":1137,"caption":"Immigrant Qu\u00e9bec"},"image":{"@id":"https:\/\/immigrantquebec.com\/fr\/#\/schema\/logo\/image\/"},"sameAs":["https:\/\/www.facebook.com\/immigrantquebec","https:\/\/x.com\/ImmigrantQuebec","https:\/\/www.instagram.com\/immigrantquebec","https:\/\/www.youtube.com\/user\/ImmigrantQc"]}]}},"_links":{"self":[{"href":"https:\/\/immigrantquebec.com\/fr\/wp-json\/wp\/v2\/pages\/9775","targetHints":{"allow":["GET"]}}],"collection":[{"href":"https:\/\/immigrantquebec.com\/fr\/wp-json\/wp\/v2\/pages"}],"about":[{"href":"https:\/\/immigrantquebec.com\/fr\/wp-json\/wp\/v2\/types\/page"}],"author":[{"embeddable":true,"href":"https:\/\/immigrantquebec.com\/fr\/wp-json\/wp\/v2\/users\/3459"}],"replies":[{"embeddable":true,"href":"https:\/\/immigrantquebec.com\/fr\/wp-json\/wp\/v2\/comments?post=9775"}],"version-history":[{"count":0,"href":"https:\/\/immigrantquebec.com\/fr\/wp-json\/wp\/v2\/pages\/9775\/revisions"}],"up":[{"embeddable":true,"href":"https:\/\/immigrantquebec.com\/fr\/wp-json\/wp\/v2\/pages\/9558"}],"wp:attachment":[{"href":"https:\/\/immigrantquebec.com\/fr\/wp-json\/wp\/v2\/media?parent=9775"}],"curies":[{"name":"wp","href":"https:\/\/api.w.org\/{rel}","templated":true}]}}