{"id":9777,"date":"2022-02-15T16:02:45","date_gmt":"2022-02-15T20:02:45","guid":{"rendered":"https:\/\/immigrantquebec.com\/?page_id=9777"},"modified":"2022-03-02T12:33:28","modified_gmt":"2022-03-02T16:33:28","slug":"vivre-a-quebec","status":"publish","type":"page","link":"https:\/\/immigrantquebec.com\/fr\/guides\/vivre-a-quebec\/","title":{"rendered":"Vivre \u00e0 Quebec"},"content":{"rendered":"<p><img fetchpriority=\"high\" decoding=\"async\" src=\"https:\/\/immigrantquebec.com\/fr\/wp-content\/uploads\/2022\/02\/GUIDE-QUE\u0301BEC-FR-2020-Couv-300x200.jpg\" alt=\"\" width=\"297\" height=\"467\" class=\"alignleft size-thumbnail wp-image-9599\" srcset=\"https:\/\/immigrantquebec.com\/fr\/wp-content\/uploads\/2022\/02\/GUIDE-QUE\u0301BEC-FR-2020-Couv-127x200.jpg 127w, https:\/\/immigrantquebec.com\/fr\/wp-content\/uploads\/2022\/02\/GUIDE-QUE\u0301BEC-FR-2020-Couv-651x1024.jpg 651w, https:\/\/immigrantquebec.com\/fr\/wp-content\/uploads\/2022\/02\/GUIDE-QUE\u0301BEC-FR-2020-Couv-768x1207.jpg 768w, https:\/\/immigrantquebec.com\/fr\/wp-content\/uploads\/2022\/02\/GUIDE-QUE\u0301BEC-FR-2020-Couv-977x1536.jpg 977w, https:\/\/immigrantquebec.com\/fr\/wp-content\/uploads\/2022\/02\/GUIDE-QUE\u0301BEC-FR-2020-Couv.jpg 1240w\" sizes=\"(max-width: 297px) 100vw, 297px\" \/><\/p>\n<h1>Le guide gratuit pour s&rsquo;installer \u00e0 Qu\u00e9bec ou ses environs (Qu\u00e9bec, Canada)<\/h1>\n<p align=\"justify\">Cit\u00e9 d\u2019avenir aux multiples attraits, la ville de Qu\u00e9bec et ses environs attirent chaque ann\u00e9e des immigrants du monde entier. Si vous \u00eates \u00e0 la recherche d\u2019une ville \u00e0 taille humaine, offrant une qualit\u00e9 de vie remarquable et des perspectives d\u2019emploi prometteuses, vous allez \u00eatre conquis par Qu\u00e9bec et ses environs. Et les amoureux de la nature auront envie d\u2019explorer et de d\u00e9poser leurs valises dans Charlevoix, Portneuf ou en en Chaudi\u00e8re-Appalaches.<\/p>\n<p align=\"justify\">Le nouveau guide Vivre \u00e0 Qu\u00e9bec et ses environs, publi\u00e9 en partenariat avec Qu\u00e9bec International, disponible en fran\u00e7ais, anglais, espagnol et portugais, est l\u2019outil incontournable pour votre installation dans la r\u00e9gion. Vous y trouverez les cl\u00e9s pour travailler, entreprendre et \u00e9tudier mais aussi des informations essentielles pour bien pr\u00e9parer votre d\u00e9part et r\u00e9ussir votre arriv\u00e9e.<\/p>\n<p align=\"justify\">Car immigrer est rarement un parcours de tout repos, des immigrants t\u00e9moignent dans ce guide de leur exp\u00e9rience de travail, d\u2019\u00e9tudes, d\u2019installation familiale. Une fois sur place, vous ne serez pas seul, n\u2019h\u00e9sitez pas \u00e0 rencontrer d\u2019autres immigrants et \u00e0 obtenir des conseils aupr\u00e8s des nombreux organismes d\u2019accueil qui seront l\u00e0 pour vous aider.<\/p>\n<p align=\"justify\">Au sommaire de ce guide :<\/p>\n<ul>\n<li lang=\"fr-FR\">Bienvenue \u00e0 Qu\u00e9bec<\/li>\n<li lang=\"fr-FR\">Vivre dans les environs de Qu\u00e9bec<\/li>\n<li lang=\"fr-FR\">Bienvenue en Chaudi\u00e8res-Appalaches<\/li>\n<\/ul>\n<p align=\"justify\">Bonne installation \u00e0 Qu\u00e9bec et ses environs\u00a0!<\/p>\n<\/div>\n<div class=\"_form_31\"><\/div>\n<p><script src=\"https:\/\/immigrantquebec.activehosted.com\/f\/embed.php?id=31\" type=\"text\/javascript\" charset=\"utf-8\"><\/script><br \/>\n<a href=\"https:\/\/immigrantquebec.com\/fr\/guides\"><br \/>\n<input type=\"button\" value=\"Retour aux guides\"><br \/>\n<\/a><\/p>\n","protected":false},"excerpt":{"rendered":"<p>Le guide gratuit pour s&rsquo;installer \u00e0 Qu\u00e9bec ou ses environs (Qu\u00e9bec, Canada) Cit\u00e9 d\u2019avenir aux multiples attraits, la ville de Qu\u00e9bec et ses environs attirent chaque ann\u00e9e des immigrants du monde entier. Si vous \u00eates \u00e0 la recherche d\u2019une ville \u00e0 taille humaine, offrant une qualit\u00e9 de vie remarquable et des perspectives d\u2019emploi prometteuses, vous [&hellip;]<\/p>\n","protected":false},"author":3459,"featured_media":0,"parent":9558,"menu_order":0,"comment_status":"closed","ping_status":"closed","template":"","meta":{"_acf_changed":false,"_genesis_hide_title":false,"_genesis_hide_breadcrumbs":false,"_genesis_hide_singular_image":false,"_genesis_hide_footer_widgets":false,"_genesis_custom_body_class":"","_genesis_custom_post_class":"","_genesis_layout":"","footnotes":""},"class_list":{"0":"post-9777","1":"page","2":"type-page","3":"status-publish","5":"entry"},"acf":[],"yoast_head":"<!-- This site is optimized with the Yoast SEO plugin v27.4 - https:\/\/yoast.com\/product\/yoast-seo-wordpress\/ -->\n<title>Vivre \u00e0 Quebec - Immigrant Qu\u00e9bec<\/title>\n<meta name=\"robots\" content=\"index, follow, max-snippet:-1, max-image-preview:large, max-video-preview:-1\" \/>\n<link rel=\"canonical\" href=\"https:\/\/immigrantquebec.com\/fr\/guides\/vivre-a-quebec\/\" \/>\n<meta property=\"og:locale\" content=\"fr_FR\" \/>\n<meta property=\"og:type\" content=\"article\" \/>\n<meta property=\"og:title\" content=\"Vivre \u00e0 Quebec - Immigrant Qu\u00e9bec\" \/>\n<meta property=\"og:description\" content=\"Le guide gratuit pour s&rsquo;installer \u00e0 Qu\u00e9bec ou ses environs (Qu\u00e9bec, Canada) Cit\u00e9 d\u2019avenir aux multiples attraits, la ville de Qu\u00e9bec et ses environs attirent chaque ann\u00e9e des immigrants du monde entier. Si vous \u00eates \u00e0 la recherche d\u2019une ville \u00e0 taille humaine, offrant une qualit\u00e9 de vie remarquable et des perspectives d\u2019emploi prometteuses, vous [&hellip;]\" \/>\n<meta property=\"og:url\" content=\"https:\/\/immigrantquebec.com\/fr\/guides\/vivre-a-quebec\/\" \/>\n<meta property=\"og:site_name\" content=\"Immigrant Qu\u00e9bec\" \/>\n<meta property=\"article:publisher\" content=\"https:\/\/www.facebook.com\/immigrantquebec\" \/>\n<meta property=\"article:modified_time\" content=\"2022-03-02T16:33:28+00:00\" \/>\n<meta property=\"og:image\" content=\"https:\/\/immigrantquebec.com\/fr\/wp-content\/uploads\/2022\/02\/GUIDE-QUE\u0301BEC-FR-2020-Couv-300x200.jpg\" \/>\n<meta name=\"twitter:label1\" content=\"Dur\u00e9e de lecture estim\u00e9e\" \/>\n\t<meta name=\"twitter:data1\" content=\"1 minute\" \/>\n<script type=\"application\/ld+json\" class=\"yoast-schema-graph\">{\"@context\":\"https:\\\/\\\/schema.org\",\"@graph\":[{\"@type\":\"WebPage\",\"@id\":\"https:\\\/\\\/immigrantquebec.com\\\/fr\\\/guides\\\/vivre-a-quebec\\\/\",\"url\":\"https:\\\/\\\/immigrantquebec.com\\\/fr\\\/guides\\\/vivre-a-quebec\\\/\",\"name\":\"Vivre \u00e0 Quebec - Immigrant Qu\u00e9bec\",\"isPartOf\":{\"@id\":\"https:\\\/\\\/immigrantquebec.com\\\/fr\\\/#website\"},\"datePublished\":\"2022-02-15T20:02:45+00:00\",\"dateModified\":\"2022-03-02T16:33:28+00:00\",\"breadcrumb\":{\"@id\":\"https:\\\/\\\/immigrantquebec.com\\\/fr\\\/guides\\\/vivre-a-quebec\\\/#breadcrumb\"},\"inLanguage\":\"fr-FR\",\"potentialAction\":[{\"@type\":\"ReadAction\",\"target\":[\"https:\\\/\\\/immigrantquebec.com\\\/fr\\\/guides\\\/vivre-a-quebec\\\/\"]}]},{\"@type\":\"BreadcrumbList\",\"@id\":\"https:\\\/\\\/immigrantquebec.com\\\/fr\\\/guides\\\/vivre-a-quebec\\\/#breadcrumb\",\"itemListElement\":[{\"@type\":\"ListItem\",\"position\":1,\"name\":\"Accueil\",\"item\":\"https:\\\/\\\/immigrantquebec.com\\\/fr\\\/\"},{\"@type\":\"ListItem\",\"position\":2,\"name\":\"Guides\",\"item\":\"https:\\\/\\\/immigrantquebec.com\\\/fr\\\/guides\\\/\"},{\"@type\":\"ListItem\",\"position\":3,\"name\":\"Vivre \u00e0 Quebec\"}]},{\"@type\":\"WebSite\",\"@id\":\"https:\\\/\\\/immigrantquebec.com\\\/fr\\\/#website\",\"url\":\"https:\\\/\\\/immigrantquebec.com\\\/fr\\\/\",\"name\":\"Immigrant Qu\u00e9bec\",\"description\":\"Immigrer, vivre, travailler et \u00e9tudier au Qu\u00e9bec, Canada\",\"publisher\":{\"@id\":\"https:\\\/\\\/immigrantquebec.com\\\/fr\\\/#organization\"},\"potentialAction\":[{\"@type\":\"SearchAction\",\"target\":{\"@type\":\"EntryPoint\",\"urlTemplate\":\"https:\\\/\\\/immigrantquebec.com\\\/fr\\\/?s={search_term_string}\"},\"query-input\":{\"@type\":\"PropertyValueSpecification\",\"valueRequired\":true,\"valueName\":\"search_term_string\"}}],\"inLanguage\":\"fr-FR\"},{\"@type\":\"Organization\",\"@id\":\"https:\\\/\\\/immigrantquebec.com\\\/fr\\\/#organization\",\"name\":\"Immigrant Qu\u00e9bec\",\"url\":\"https:\\\/\\\/immigrantquebec.com\\\/fr\\\/\",\"logo\":{\"@type\":\"ImageObject\",\"inLanguage\":\"fr-FR\",\"@id\":\"https:\\\/\\\/immigrantquebec.com\\\/fr\\\/#\\\/schema\\\/logo\\\/image\\\/\",\"url\":\"https:\\\/\\\/immigrantquebec.com\\\/fr\\\/wp-content\\\/uploads\\\/2024\\\/03\\\/LogoIQ-2024-RVB.png\",\"contentUrl\":\"https:\\\/\\\/immigrantquebec.com\\\/fr\\\/wp-content\\\/uploads\\\/2024\\\/03\\\/LogoIQ-2024-RVB.png\",\"width\":2500,\"height\":1137,\"caption\":\"Immigrant Qu\u00e9bec\"},\"image\":{\"@id\":\"https:\\\/\\\/immigrantquebec.com\\\/fr\\\/#\\\/schema\\\/logo\\\/image\\\/\"},\"sameAs\":[\"https:\\\/\\\/www.facebook.com\\\/immigrantquebec\",\"https:\\\/\\\/x.com\\\/ImmigrantQuebec\",\"https:\\\/\\\/www.instagram.com\\\/immigrantquebec\",\"https:\\\/\\\/www.youtube.com\\\/user\\\/ImmigrantQc\"]}]}<\/script>\n<!-- \/ Yoast SEO plugin. -->","yoast_head_json":{"title":"Vivre \u00e0 Quebec - Immigrant Qu\u00e9bec","robots":{"index":"index","follow":"follow","max-snippet":"max-snippet:-1","max-image-preview":"max-image-preview:large","max-video-preview":"max-video-preview:-1"},"canonical":"https:\/\/immigrantquebec.com\/fr\/guides\/vivre-a-quebec\/","og_locale":"fr_FR","og_type":"article","og_title":"Vivre \u00e0 Quebec - Immigrant Qu\u00e9bec","og_description":"Le guide gratuit pour s&rsquo;installer \u00e0 Qu\u00e9bec ou ses environs (Qu\u00e9bec, Canada) Cit\u00e9 d\u2019avenir aux multiples attraits, la ville de Qu\u00e9bec et ses environs attirent chaque ann\u00e9e des immigrants du monde entier. Si vous \u00eates \u00e0 la recherche d\u2019une ville \u00e0 taille humaine, offrant une qualit\u00e9 de vie remarquable et des perspectives d\u2019emploi prometteuses, vous [&hellip;]","og_url":"https:\/\/immigrantquebec.com\/fr\/guides\/vivre-a-quebec\/","og_site_name":"Immigrant Qu\u00e9bec","article_publisher":"https:\/\/www.facebook.com\/immigrantquebec","article_modified_time":"2022-03-02T16:33:28+00:00","og_image":[{"url":"https:\/\/immigrantquebec.com\/fr\/wp-content\/uploads\/2022\/02\/GUIDE-QUE\u0301BEC-FR-2020-Couv-300x200.jpg","type":"","width":"","height":""}],"twitter_misc":{"Dur\u00e9e de lecture estim\u00e9e":"1 minute"},"schema":{"@context":"https:\/\/schema.org","@graph":[{"@type":"WebPage","@id":"https:\/\/immigrantquebec.com\/fr\/guides\/vivre-a-quebec\/","url":"https:\/\/immigrantquebec.com\/fr\/guides\/vivre-a-quebec\/","name":"Vivre \u00e0 Quebec - Immigrant Qu\u00e9bec","isPartOf":{"@id":"https:\/\/immigrantquebec.com\/fr\/#website"},"datePublished":"2022-02-15T20:02:45+00:00","dateModified":"2022-03-02T16:33:28+00:00","breadcrumb":{"@id":"https:\/\/immigrantquebec.com\/fr\/guides\/vivre-a-quebec\/#breadcrumb"},"inLanguage":"fr-FR","potentialAction":[{"@type":"ReadAction","target":["https:\/\/immigrantquebec.com\/fr\/guides\/vivre-a-quebec\/"]}]},{"@type":"BreadcrumbList","@id":"https:\/\/immigrantquebec.com\/fr\/guides\/vivre-a-quebec\/#breadcrumb","itemListElement":[{"@type":"ListItem","position":1,"name":"Accueil","item":"https:\/\/immigrantquebec.com\/fr\/"},{"@type":"ListItem","position":2,"name":"Guides","item":"https:\/\/immigrantquebec.com\/fr\/guides\/"},{"@type":"ListItem","position":3,"name":"Vivre \u00e0 Quebec"}]},{"@type":"WebSite","@id":"https:\/\/immigrantquebec.com\/fr\/#website","url":"https:\/\/immigrantquebec.com\/fr\/","name":"Immigrant Qu\u00e9bec","description":"Immigrer, vivre, travailler et \u00e9tudier au Qu\u00e9bec, Canada","publisher":{"@id":"https:\/\/immigrantquebec.com\/fr\/#organization"},"potentialAction":[{"@type":"SearchAction","target":{"@type":"EntryPoint","urlTemplate":"https:\/\/immigrantquebec.com\/fr\/?s={search_term_string}"},"query-input":{"@type":"PropertyValueSpecification","valueRequired":true,"valueName":"search_term_string"}}],"inLanguage":"fr-FR"},{"@type":"Organization","@id":"https:\/\/immigrantquebec.com\/fr\/#organization","name":"Immigrant Qu\u00e9bec","url":"https:\/\/immigrantquebec.com\/fr\/","logo":{"@type":"ImageObject","inLanguage":"fr-FR","@id":"https:\/\/immigrantquebec.com\/fr\/#\/schema\/logo\/image\/","url":"https:\/\/immigrantquebec.com\/fr\/wp-content\/uploads\/2024\/03\/LogoIQ-2024-RVB.png","contentUrl":"https:\/\/immigrantquebec.com\/fr\/wp-content\/uploads\/2024\/03\/LogoIQ-2024-RVB.png","width":2500,"height":1137,"caption":"Immigrant Qu\u00e9bec"},"image":{"@id":"https:\/\/immigrantquebec.com\/fr\/#\/schema\/logo\/image\/"},"sameAs":["https:\/\/www.facebook.com\/immigrantquebec","https:\/\/x.com\/ImmigrantQuebec","https:\/\/www.instagram.com\/immigrantquebec","https:\/\/www.youtube.com\/user\/ImmigrantQc"]}]}},"_links":{"self":[{"href":"https:\/\/immigrantquebec.com\/fr\/wp-json\/wp\/v2\/pages\/9777","targetHints":{"allow":["GET"]}}],"collection":[{"href":"https:\/\/immigrantquebec.com\/fr\/wp-json\/wp\/v2\/pages"}],"about":[{"href":"https:\/\/immigrantquebec.com\/fr\/wp-json\/wp\/v2\/types\/page"}],"author":[{"embeddable":true,"href":"https:\/\/immigrantquebec.com\/fr\/wp-json\/wp\/v2\/users\/3459"}],"replies":[{"embeddable":true,"href":"https:\/\/immigrantquebec.com\/fr\/wp-json\/wp\/v2\/comments?post=9777"}],"version-history":[{"count":0,"href":"https:\/\/immigrantquebec.com\/fr\/wp-json\/wp\/v2\/pages\/9777\/revisions"}],"up":[{"embeddable":true,"href":"https:\/\/immigrantquebec.com\/fr\/wp-json\/wp\/v2\/pages\/9558"}],"wp:attachment":[{"href":"https:\/\/immigrantquebec.com\/fr\/wp-json\/wp\/v2\/media?parent=9777"}],"curies":[{"name":"wp","href":"https:\/\/api.w.org\/{rel}","templated":true}]}}